{"id":1078,"date":"2022-04-26T06:27:30","date_gmt":"2022-04-26T06:27:30","guid":{"rendered":"https:\/\/pressmart.presslayouts.com\/dummy\/?page_id=11"},"modified":"2024-07-09T20:03:06","modified_gmt":"2024-07-09T20:03:06","slug":"home-3","status":"publish","type":"page","link":"https:\/\/bonea-zilina.sk\/","title":{"rendered":"Home 3"},"content":{"rendered":"\t\t<div data-elementor-type=\"wp-page\" data-elementor-id=\"1078\" class=\"elementor elementor-1078\">\n\t\t\t\t\t\t<section class=\"elementor-section elementor-top-section elementor-element elementor-element-40d4837 elementor-section-boxed elementor-section-height-default elementor-section-height-default\" data-id=\"40d4837\" data-element_type=\"section\">\n\t\t\t\t\t\t<div class=\"elementor-container elementor-column-gap-default\">\n\t\t\t\t\t<div class=\"elementor-column elementor-col-66 elementor-top-column elementor-element elementor-element-eda7ecd\" data-id=\"eda7ecd\" data-element_type=\"column\">\n\t\t\t<div class=\"elementor-widget-wrap elementor-element-populated\">\n\t\t\t\t\t\t<div class=\"elementor-element elementor-element-9f6fcce elementor-widget elementor-widget-slider_revolution\" data-id=\"9f6fcce\" data-element_type=\"widget\" data-widget_type=\"slider_revolution.default\">\n\t\t\t\t<div class=\"elementor-widget-container\">\n\t\t\t\t\t\n\t\t<div class=\"wp-block-themepunch-revslider\">\n\t\t\t<!-- START Home 3 REVOLUTION SLIDER 6.6.20 --><p class=\"rs-p-wp-fix\"><\/p>\n\t\t\t<rs-module-wrap id=\"rev_slider_1_1_wrapper\" data-source=\"gallery\" style=\"visibility:hidden;background:transparent;padding:0;margin:0px auto;margin-top:0;margin-bottom:0;\">\n\t\t\t\t<rs-module id=\"rev_slider_1_1\" style=\"\" data-version=\"6.6.20\">\n\t\t\t\t\t<rs-slides style=\"overflow: hidden; position: absolute;\">\n\t\t\t\t\t\t<rs-slide style=\"position: absolute;\" data-key=\"rs-1\" data-title=\"Slide\" data-thumb=\"\/\/bonea-zilina.sk\/wp-content\/uploads\/2024\/02\/68957531_2336830229736335_6597641950789107712_n-50x100.jpg\" data-in=\"o:0;\" data-out=\"a:false;\">\n\t\t\t\t\t\t\t<img fetchpriority=\"high\" decoding=\"async\" src=\"\/\/bonea-zilina.sk\/wp-content\/plugins\/revslider\/public\/assets\/assets\/dummy.png\" alt=\"\" title=\"68957531_2336830229736335_6597641950789107712_n\" width=\"2048\" height=\"1152\" class=\"rev-slidebg tp-rs-img rs-lazyload\" data-lazyload=\"\/\/bonea-zilina.sk\/wp-content\/uploads\/2024\/02\/68957531_2336830229736335_6597641950789107712_n.jpg\" data-no-retina>\n<!--\n\t\t\t\t\t\t\t--><rs-layer\n\t\t\t\t\t\t\t\tid=\"slider-1-slide-1-layer-1\" \n\t\t\t\t\t\t\t\tdata-type=\"image\"\n\t\t\t\t\t\t\t\tdata-rsp_ch=\"on\"\n\t\t\t\t\t\t\t\tdata-xy=\"x:38px;y:25px;\"\n\t\t\t\t\t\t\t\tdata-text=\"w:normal;\"\n\t\t\t\t\t\t\t\tdata-dim=\"w:117px;h:117px;\"\n\t\t\t\t\t\t\t\tdata-frame_999=\"o:0;st:w;\"\n\t\t\t\t\t\t\t\tstyle=\"z-index:11;\"\n\t\t\t\t\t\t\t><img decoding=\"async\" src=\"\/\/bonea-zilina.sk\/wp-content\/plugins\/revslider\/public\/assets\/assets\/dummy.png\" alt=\"\" class=\"tp-rs-img rs-lazyload\" width=\"176\" height=\"176\" data-lazyload=\"\/\/bonea-zilina.sk\/wp-content\/uploads\/2024\/02\/1-bonea_logo.png\" data-no-retina> \n\t\t\t\t\t\t\t<\/rs-layer><!--\n\n\t\t\t\t\t\t\t--><rs-layer\n\t\t\t\t\t\t\t\tid=\"slider-1-slide-1-layer-2\" \n\t\t\t\t\t\t\t\tdata-type=\"text\"\n\t\t\t\t\t\t\t\tdata-color=\"#cd313e\"\n\t\t\t\t\t\t\t\tdata-rsp_ch=\"on\"\n\t\t\t\t\t\t\t\tdata-xy=\"x:168px;y:56px;\"\n\t\t\t\t\t\t\t\tdata-text=\"w:normal;s:50;l:50;fw:700;\"\n\t\t\t\t\t\t\t\tdata-frame_0=\"y:bottom;\"\n\t\t\t\t\t\t\t\tdata-frame_1=\"sp:1000;\"\n\t\t\t\t\t\t\t\tdata-frame_999=\"o:0;st:w;\"\n\t\t\t\t\t\t\t\tstyle=\"z-index:6;font-family:'Dancing Script';\"\n\t\t\t\t\t\t\t>Stol\u00e1rstvo Bonea \n\t\t\t\t\t\t\t<\/rs-layer><!--\n\n\t\t\t\t\t\t\t--><rs-layer\n\t\t\t\t\t\t\t\tid=\"slider-1-slide-1-layer-3\" \n\t\t\t\t\t\t\t\tdata-type=\"text\"\n\t\t\t\t\t\t\t\tdata-color=\"#ffffff\"\n\t\t\t\t\t\t\t\tdata-rsp_ch=\"on\"\n\t\t\t\t\t\t\t\tdata-xy=\"x:39px;y:159px;\"\n\t\t\t\t\t\t\t\tdata-text=\"w:normal;s:60;l:60;fw:700;\"\n\t\t\t\t\t\t\t\tdata-frame_0=\"y:bottom;\"\n\t\t\t\t\t\t\t\tdata-frame_1=\"st:200;sp:1000;\"\n\t\t\t\t\t\t\t\tdata-frame_999=\"o:0;st:w;\"\n\t\t\t\t\t\t\t\tstyle=\"z-index:7;font-family:'Poppins';\"\n\t\t\t\t\t\t\t>N\u00e1bytok na mieru \n\t\t\t\t\t\t\t<\/rs-layer><!--\n\n\t\t\t\t\t\t\t--><rs-layer\n\t\t\t\t\t\t\t\tid=\"slider-1-slide-1-layer-4\" \n\t\t\t\t\t\t\t\tdata-type=\"text\"\n\t\t\t\t\t\t\t\tdata-color=\"#ffffff\"\n\t\t\t\t\t\t\t\tdata-rsp_ch=\"on\"\n\t\t\t\t\t\t\t\tdata-xy=\"x:40px;y:240px;\"\n\t\t\t\t\t\t\t\tdata-text=\"w:normal;s:25;l:32;\"\n\t\t\t\t\t\t\t\tdata-frame_0=\"y:bottom;\"\n\t\t\t\t\t\t\t\tdata-frame_1=\"st:400;sp:1000;\"\n\t\t\t\t\t\t\t\tdata-frame_999=\"o:0;st:w;\"\n\t\t\t\t\t\t\t\tstyle=\"z-index:8;font-family:'Poppins';\"\n\t\t\t\t\t\t\t>Kuchynsk\u00e9 linky, stavan\u00fd n\u00e1bytok, dvere, podlahy... \n\t\t\t\t\t\t\t<\/rs-layer><!--\n\n\t\t\t\t\t\t\t--><a\n\t\t\t\t\t\t\t\tid=\"slider-1-slide-1-layer-5\" \n\t\t\t\t\t\t\t\tclass=\"rs-layer rev-btn\"\n\t\t\t\t\t\t\t\thref=\"https:\/\/bonea-zilina.sk\/?page_id=592\" target=\"_self\"\n\t\t\t\t\t\t\t\tdata-type=\"button\"\n\t\t\t\t\t\t\t\tdata-color=\"#ffffff\"\n\t\t\t\t\t\t\t\tdata-rsp_ch=\"on\"\n\t\t\t\t\t\t\t\tdata-xy=\"x:40px;y:350px;\"\n\t\t\t\t\t\t\t\tdata-text=\"w:normal;s:14;l:40;fw:500;\"\n\t\t\t\t\t\t\t\tdata-dim=\"minh:0px;\"\n\t\t\t\t\t\t\t\tdata-padding=\"r:20;l:20;\"\n\t\t\t\t\t\t\t\tdata-border=\"bos:solid;boc:#cd313e;bow:1px,1px,1px,1px;\"\n\t\t\t\t\t\t\t\tdata-frame_0=\"y:bottom;\"\n\t\t\t\t\t\t\t\tdata-frame_1=\"st:450;sp:1000;\"\n\t\t\t\t\t\t\t\tdata-frame_999=\"o:0;st:w;\"\n\t\t\t\t\t\t\t\tdata-frame_hover=\"c:#fff;bgc:#cd313e;boc:#cd313e;bor:0px,0px,0px,0px;bos:solid;bow:1px,1px,1px,1px;e:power1.inOut;\"\n\t\t\t\t\t\t\t\tstyle=\"z-index:9;background-color:#cd313e;font-family:'Poppins';\"\n\t\t\t\t\t\t\t>O n\u00e1s \n\t\t\t\t\t\t\t<\/a><!--\n-->\t\t\t\t\t\t<\/rs-slide>\n\t\t\t\t\t\t<rs-slide style=\"position: absolute;\" data-key=\"rs-2\" data-title=\"Slide\" data-thumb=\"\/\/bonea-zilina.sk\/wp-content\/uploads\/2024\/02\/dver-1-50x100.jpg\" data-in=\"o:0;\" data-out=\"a:false;\">\n\t\t\t\t\t\t\t<img decoding=\"async\" src=\"\/\/bonea-zilina.sk\/wp-content\/plugins\/revslider\/public\/assets\/assets\/dummy.png\" alt=\"\" title=\"dver\" width=\"1027\" height=\"658\" class=\"rev-slidebg tp-rs-img rs-lazyload\" data-lazyload=\"\/\/bonea-zilina.sk\/wp-content\/uploads\/2024\/02\/dver-1.jpg\" data-bg=\"f:auto;\" data-no-retina>\n<!--\n\t\t\t\t\t\t\t--><rs-layer\n\t\t\t\t\t\t\t\tid=\"slider-1-slide-2-layer-7\" \n\t\t\t\t\t\t\t\tdata-type=\"text\"\n\t\t\t\t\t\t\t\tdata-color=\"#cd313e\"\n\t\t\t\t\t\t\t\tdata-rsp_ch=\"on\"\n\t\t\t\t\t\t\t\tdata-xy=\"x:40px;y:72px;\"\n\t\t\t\t\t\t\t\tdata-text=\"w:normal;s:50;l:50;fw:700;\"\n\t\t\t\t\t\t\t\tdata-frame_0=\"y:bottom;\"\n\t\t\t\t\t\t\t\tdata-frame_1=\"sp:1000;\"\n\t\t\t\t\t\t\t\tdata-frame_999=\"o:0;st:w;\"\n\t\t\t\t\t\t\t\tstyle=\"z-index:6;font-family:'Dancing Script';\"\n\t\t\t\t\t\t\t>Eshop \n\t\t\t\t\t\t\t<\/rs-layer><!--\n\n\t\t\t\t\t\t\t--><rs-layer\n\t\t\t\t\t\t\t\tid=\"slider-1-slide-2-layer-8\" \n\t\t\t\t\t\t\t\tdata-type=\"text\"\n\t\t\t\t\t\t\t\tdata-color=\"#ffffff\"\n\t\t\t\t\t\t\t\tdata-rsp_ch=\"on\"\n\t\t\t\t\t\t\t\tdata-xy=\"x:33px;y:142px;\"\n\t\t\t\t\t\t\t\tdata-text=\"w:normal;s:60;l:60;fw:700;\"\n\t\t\t\t\t\t\t\tdata-frame_0=\"y:bottom;\"\n\t\t\t\t\t\t\t\tdata-frame_1=\"st:200;sp:1000;\"\n\t\t\t\t\t\t\t\tdata-frame_999=\"o:0;st:w;\"\n\t\t\t\t\t\t\t\tstyle=\"z-index:7;font-family:'Poppins';\"\n\t\t\t\t\t\t\t>Dvere & podlahy \n\t\t\t\t\t\t\t<\/rs-layer><!--\n\n\t\t\t\t\t\t\t--><rs-layer\n\t\t\t\t\t\t\t\tid=\"slider-1-slide-2-layer-9\" \n\t\t\t\t\t\t\t\tdata-type=\"text\"\n\t\t\t\t\t\t\t\tdata-color=\"#ffffff\"\n\t\t\t\t\t\t\t\tdata-rsp_ch=\"on\"\n\t\t\t\t\t\t\t\tdata-xy=\"x:39px;y:221px;\"\n\t\t\t\t\t\t\t\tdata-text=\"w:normal;s:32;l:32;\"\n\t\t\t\t\t\t\t\tdata-frame_0=\"y:bottom;\"\n\t\t\t\t\t\t\t\tdata-frame_1=\"st:400;sp:1000;\"\n\t\t\t\t\t\t\t\tdata-frame_999=\"o:0;st:w;\"\n\t\t\t\t\t\t\t\tstyle=\"z-index:8;font-family:'Poppins';\"\n\t\t\t\t\t\t\t>A mnoho in\u00e9ho \n\t\t\t\t\t\t\t<\/rs-layer><!--\n\n\t\t\t\t\t\t\t--><a\n\t\t\t\t\t\t\t\tid=\"slider-1-slide-2-layer-10\" \n\t\t\t\t\t\t\t\tclass=\"rs-layer rev-btn\"\n\t\t\t\t\t\t\t\thref=\"https:\/\/bonea-zilina.sk\/?page_id=606\" target=\"_self\"\n\t\t\t\t\t\t\t\tdata-type=\"button\"\n\t\t\t\t\t\t\t\tdata-color=\"#ffffff\"\n\t\t\t\t\t\t\t\tdata-rsp_ch=\"on\"\n\t\t\t\t\t\t\t\tdata-xy=\"x:41px;y:331px;\"\n\t\t\t\t\t\t\t\tdata-text=\"w:normal;s:15;l:40;fw:500;\"\n\t\t\t\t\t\t\t\tdata-dim=\"minh:0px;\"\n\t\t\t\t\t\t\t\tdata-padding=\"r:25;l:25;\"\n\t\t\t\t\t\t\t\tdata-border=\"bos:solid;boc:#cd313e;bow:1px,1px,1px,1px;\"\n\t\t\t\t\t\t\t\tdata-frame_0=\"y:bottom;\"\n\t\t\t\t\t\t\t\tdata-frame_1=\"st:450;sp:1000;\"\n\t\t\t\t\t\t\t\tdata-frame_999=\"o:0;st:w;\"\n\t\t\t\t\t\t\t\tdata-frame_hover=\"c:#fff;bgc:#cd313e;boc:#cd313e;bor:0px,0px,0px,0px;bos:solid;bow:1px,1px,1px,1px;e:power1.inOut;\"\n\t\t\t\t\t\t\t\tstyle=\"z-index:9;background-color:#cd313e;font-family:'Poppins';\"\n\t\t\t\t\t\t\t>O predajni \n\t\t\t\t\t\t\t<\/a><!--\n-->\t\t\t\t\t\t<\/rs-slide>\n\t\t\t\t\t<\/rs-slides>\n\t\t\t\t<\/rs-module>\n\t\t\t\t<script>\n\t\t\t\t\tsetREVStartSize({c: 'rev_slider_1_1',rl:[1240,1024,778,480],el:[500],gw:[780],gh:[500],type:'standard',justify:'',layout:'fullwidth',mh:\"0\"});if (window.RS_MODULES!==undefined && window.RS_MODULES.modules!==undefined && window.RS_MODULES.modules[\"revslider11\"]!==undefined) {window.RS_MODULES.modules[\"revslider11\"].once = false;window.revapi1 = undefined;if (window.RS_MODULES.checkMinimal!==undefined) window.RS_MODULES.checkMinimal()}\n\t\t\t\t<\/script>\n\t\t\t<\/rs-module-wrap>\n\t\t\t<!-- END REVOLUTION SLIDER -->\n<\/div>\n\n\t\t\t\t\t\t<\/div>\n\t\t\t\t<\/div>\n\t\t\t\t\t<\/div>\n\t\t<\/div>\n\t\t\t\t<div class=\"elementor-column elementor-col-33 elementor-top-column elementor-element elementor-element-2bd9e50\" data-id=\"2bd9e50\" data-element_type=\"column\">\n\t\t\t<div class=\"elementor-widget-wrap elementor-element-populated\">\n\t\t\t\t\t\t<div class=\"elementor-element elementor-element-a088bd8 elementor-widget elementor-widget-pressmart-banner\" data-id=\"a088bd8\" data-element_type=\"widget\" data-widget_type=\"pressmart-banner.default\">\n\t\t\t\t<div class=\"elementor-widget-container\">\n\t\t\t\t\t<div id=\"pressmart-banner-53277\" class=\"pressmart-element pressmart-banner banner-zoom-out\">\n\t<div class=\"banner-wrapper\" >\n\t\t\t\t\t<div class=\"banner-image-wrap\">\t\t\t\n\t\t\t\t<div class=\"banner-image\">\n\t\t\t\t\t<img decoding=\"async\" src=\"https:\/\/bonea-zilina.sk\/wp-content\/uploads\/2024\/02\/30073658_1643108292441869_1530259376618599270_o-480x360.jpg\" alt=\"\">\n\t\t\t\t<\/div>\t\t\t\n\t\t\t<\/div>\n\t\t\t\t\t\t\t<div class=\"banner-content-wrap\">\n\t\t\t\t<div class=\"banner-content\">\n\t\t\t\t\t\t\t\t\t\t\t<div class=\"banner-subtitle-wrap banner-subtitle-background\">\n\t\t\t\t\t\t\t<span class=\"banner-subtitle\">Stol\u00e1rstvo<\/span>\n\t\t\t\t\t\t<\/div>\n\t\t\t\t\t\t\t\t\t\t<div class=\"banner-title-wrap\">\n\t\t\t\t\t\t<h3 class=\"banner-title\"> Stavan\u00e9 skrine<\/h3>\n\t\t\t\t\t<\/div>\t\t\t\t\n\t\t\t\t\t\t\t\t\t\t\t<div class=\"banner-content-text\">\n\t\t\t\t\t\t\tod 299\u20ac\t\t\t\t\t\t<\/div>\n\t\t\t\t\t\t\t\t\t\t\t<div class=\"banner-button pressmart-button\">\n\t\t\t\t\t\t\t<a href=\"https:\/\/bonea-zilina.sk\/?page_id=592\" target=\"_self\" class=\"btn-style-text\">Viac inform\u00e1ci\u00ed<\/a>\n\t\t\t\t\t\t<\/div>\n\t\t\t\t\t\t\t\t\t<\/div>\n\t\t\t\t\n\t\t\t<\/div>\n\t\t\t<\/div>\n<\/div>\n\t\t\t\t<\/div>\n\t\t\t\t<\/div>\n\t\t\t\t<div class=\"elementor-element elementor-element-e19320a elementor-widget elementor-widget-pressmart-banner\" data-id=\"e19320a\" data-element_type=\"widget\" data-widget_type=\"pressmart-banner.default\">\n\t\t\t\t<div class=\"elementor-widget-container\">\n\t\t\t\t\t<div id=\"pressmart-banner-39710\" class=\"pressmart-element pressmart-banner banner-zoom-out\">\n\t<div class=\"banner-wrapper\" >\n\t\t\t\t\t<div class=\"banner-image-wrap\">\t\t\t\n\t\t\t\t<div class=\"banner-image\">\n\t\t\t\t\t<img decoding=\"async\" src=\"https:\/\/bonea-zilina.sk\/wp-content\/uploads\/2024\/02\/19466627_1382364798516221_3754071088103417807_o-480x360.jpg\" alt=\"\">\n\t\t\t\t<\/div>\t\t\t\n\t\t\t<\/div>\n\t\t\t\t\t\t\t<div class=\"banner-content-wrap\">\n\t\t\t\t<div class=\"banner-content\">\n\t\t\t\t\t\t\t\t\t\t\t<div class=\"banner-subtitle-wrap banner-subtitle-background\">\n\t\t\t\t\t\t\t<span class=\"banner-subtitle\">Stol\u00e1rstvo<\/span>\n\t\t\t\t\t\t<\/div>\n\t\t\t\t\t\t\t\t\t\t<div class=\"banner-title-wrap\">\n\t\t\t\t\t\t<h3 class=\"banner-title\"> Kuchyne na mieru<\/h3>\n\t\t\t\t\t<\/div>\t\t\t\t\n\t\t\t\t\t\t\t\t\t\t\t<div class=\"banner-content-text\">\n\t\t\t\t\t\t\tOd 999\u20ac\t\t\t\t\t\t<\/div>\n\t\t\t\t\t\t\t\t\t\t\t<div class=\"banner-button pressmart-button\">\n\t\t\t\t\t\t\t<a href=\"https:\/\/bonea-zilina.sk\/?page_id=592\" target=\"_self\" class=\"btn-style-text\">Viac Inform\u00e1ci\u00ed<\/a>\n\t\t\t\t\t\t<\/div>\n\t\t\t\t\t\t\t\t\t<\/div>\n\t\t\t\t\n\t\t\t<\/div>\n\t\t\t<\/div>\n<\/div>\n\t\t\t\t<\/div>\n\t\t\t\t<\/div>\n\t\t\t\t\t<\/div>\n\t\t<\/div>\n\t\t\t\t\t<\/div>\n\t\t<\/section>\n\t\t\t\t<section class=\"elementor-section elementor-top-section elementor-element elementor-element-8e91116 elementor-section-boxed elementor-section-height-default elementor-section-height-default\" data-id=\"8e91116\" data-element_type=\"section\">\n\t\t\t\t\t\t<div class=\"elementor-container elementor-column-gap-default\">\n\t\t\t\t\t<div class=\"elementor-column elementor-col-25 elementor-top-column elementor-element elementor-element-04eed77\" data-id=\"04eed77\" data-element_type=\"column\">\n\t\t\t<div class=\"elementor-widget-wrap elementor-element-populated\">\n\t\t\t\t\t\t<div class=\"elementor-element elementor-element-5dc37da elementor-widget elementor-widget-pressmart-infobox\" data-id=\"5dc37da\" data-element_type=\"widget\" data-widget_type=\"pressmart-infobox.default\">\n\t\t\t\t<div class=\"elementor-widget-container\">\n\t\t\t\t\t<div id=\"pressmart-info-box-40594\" class=\"pressmart-element pressmart-info-box icon-effect-none icon-simple icon-left color-scheme-inherit hover-color-scheme-inherit\">\n\t<div class=\"info-box-wrap\"  >\n\t\t<div class=\"box-icon-wrap\">\n\t\t\t\t\t\t\t<div class=\"info-box-icon\"><i aria-hidden=\"true\" class=\"picon picon-truck\"><\/i><\/div>\n\t\t\t\t\t<\/div>\n\t\t<div class=\"info-box-content\">\n\t\t\t\t\t\t\t\t\t\t<div class=\"info-box-title mb\" >\t\t\t\t\n\t\t\t\t\t<h4>Doprava zadarmo<\/h4>\t\t\t\t\t\n\t\t\t\t<\/div>\n\t\t\t\t\t\t\t\t\t\t<div class=\"info-box-description mb\">\n\t\t\t\t\t<p>Pre objedn\u00e1vky od 999\u20ac<\/p>\n\t\t\t\t<\/div>\n\t\t\t\t\t<\/div>\n\t<\/div>\n<\/div>\t\t\t\t<\/div>\n\t\t\t\t<\/div>\n\t\t\t\t\t<\/div>\n\t\t<\/div>\n\t\t\t\t<div class=\"elementor-column elementor-col-25 elementor-top-column elementor-element elementor-element-419d563\" data-id=\"419d563\" data-element_type=\"column\">\n\t\t\t<div class=\"elementor-widget-wrap elementor-element-populated\">\n\t\t\t\t\t\t<div class=\"elementor-element elementor-element-f6ba49d elementor-widget elementor-widget-pressmart-infobox\" data-id=\"f6ba49d\" data-element_type=\"widget\" data-widget_type=\"pressmart-infobox.default\">\n\t\t\t\t<div class=\"elementor-widget-container\">\n\t\t\t\t\t<div id=\"pressmart-info-box-4030\" class=\"pressmart-element pressmart-info-box icon-effect-none icon-simple icon-left color-scheme-inherit hover-color-scheme-inherit\">\n\t<div class=\"info-box-wrap\"  >\n\t\t<div class=\"box-icon-wrap\">\n\t\t\t\t\t\t\t<div class=\"info-box-icon\"><i aria-hidden=\"true\" class=\"picon picon-handshake\"><\/i><\/div>\n\t\t\t\t\t<\/div>\n\t\t<div class=\"info-box-content\">\n\t\t\t\t\t\t\t\t\t\t<div class=\"info-box-title mb\" >\t\t\t\t\n\t\t\t\t\t<h4>Osobn\u00fd pr\u00edstup<\/h4>\t\t\t\t\t\n\t\t\t\t<\/div>\n\t\t\t\t\t\t\t\t\t\t<div class=\"info-box-description mb\">\n\t\t\t\t\t<p>Stretnutie na na\u0161ej predajni<\/p>\n\t\t\t\t<\/div>\n\t\t\t\t\t<\/div>\n\t<\/div>\n<\/div>\t\t\t\t<\/div>\n\t\t\t\t<\/div>\n\t\t\t\t\t<\/div>\n\t\t<\/div>\n\t\t\t\t<div class=\"elementor-column elementor-col-25 elementor-top-column elementor-element elementor-element-5696a3c\" data-id=\"5696a3c\" data-element_type=\"column\">\n\t\t\t<div class=\"elementor-widget-wrap elementor-element-populated\">\n\t\t\t\t\t\t<div class=\"elementor-element elementor-element-c27460c elementor-widget elementor-widget-pressmart-infobox\" data-id=\"c27460c\" data-element_type=\"widget\" data-widget_type=\"pressmart-infobox.default\">\n\t\t\t\t<div class=\"elementor-widget-container\">\n\t\t\t\t\t<div id=\"pressmart-info-box-46465\" class=\"pressmart-element pressmart-info-box icon-effect-none icon-simple icon-left color-scheme-inherit hover-color-scheme-inherit\">\n\t<div class=\"info-box-wrap\"  >\n\t\t<div class=\"box-icon-wrap\">\n\t\t\t\t\t\t\t<div class=\"info-box-icon\"><i aria-hidden=\"true\" class=\"picon picon-save-money\"><\/i><\/div>\n\t\t\t\t\t<\/div>\n\t\t<div class=\"info-box-content\">\n\t\t\t\t\t\t\t\t\t\t<div class=\"info-box-title mb\" >\t\t\t\t\n\t\t\t\t\t<h4>100% Z\u00e1ruka vr\u00e1tenia <\/h4>\t\t\t\t\t\n\t\t\t\t<\/div>\n\t\t\t\t\t\t\t\t\t\t<div class=\"info-box-description mb\">\n\t\t\t\t\t<p>Na\u0161ej pr\u00e1ci ver\u00edme na 100%<\/p>\n\t\t\t\t<\/div>\n\t\t\t\t\t<\/div>\n\t<\/div>\n<\/div>\t\t\t\t<\/div>\n\t\t\t\t<\/div>\n\t\t\t\t\t<\/div>\n\t\t<\/div>\n\t\t\t\t<div class=\"elementor-column elementor-col-25 elementor-top-column elementor-element elementor-element-f68c801\" data-id=\"f68c801\" data-element_type=\"column\">\n\t\t\t<div class=\"elementor-widget-wrap elementor-element-populated\">\n\t\t\t\t\t\t<div class=\"elementor-element elementor-element-d329cfd elementor-widget elementor-widget-pressmart-infobox\" data-id=\"d329cfd\" data-element_type=\"widget\" data-widget_type=\"pressmart-infobox.default\">\n\t\t\t\t<div class=\"elementor-widget-container\">\n\t\t\t\t\t<div id=\"pressmart-info-box-5263\" class=\"pressmart-element pressmart-info-box icon-effect-none icon-simple icon-left color-scheme-inherit hover-color-scheme-inherit\">\n\t<div class=\"info-box-wrap\"  >\n\t\t<div class=\"box-icon-wrap\">\n\t\t\t\t\t\t\t<div class=\"info-box-icon\"><i aria-hidden=\"true\" class=\"picon picon-heart\"><\/i><\/div>\n\t\t\t\t\t<\/div>\n\t\t<div class=\"info-box-content\">\n\t\t\t\t\t\t\t\t\t\t<div class=\"info-box-title mb\" >\t\t\t\t\n\t\t\t\t\t<h4>V\u00fdroba na mieru<\/h4>\t\t\t\t\t\n\t\t\t\t<\/div>\n\t\t\t\t\t\t\t\t\t\t<div class=\"info-box-description mb\">\n\t\t\t\t\t<p>Slovensky v\u00fdrobca n\u00e1bytku<\/p>\n\t\t\t\t<\/div>\n\t\t\t\t\t<\/div>\n\t<\/div>\n<\/div>\t\t\t\t<\/div>\n\t\t\t\t<\/div>\n\t\t\t\t\t<\/div>\n\t\t<\/div>\n\t\t\t\t\t<\/div>\n\t\t<\/section>\n\t\t\t\t<section class=\"elementor-section elementor-top-section elementor-element elementor-element-c743fc7 elementor-section-boxed elementor-section-height-default elementor-section-height-default\" data-id=\"c743fc7\" data-element_type=\"section\">\n\t\t\t\t\t\t<div class=\"elementor-container elementor-column-gap-default\">\n\t\t\t\t\t<div class=\"elementor-column elementor-col-50 elementor-top-column elementor-element elementor-element-9f5609a\" data-id=\"9f5609a\" data-element_type=\"column\">\n\t\t\t<div class=\"elementor-widget-wrap elementor-element-populated\">\n\t\t\t\t\t\t<div class=\"elementor-element elementor-element-ceaa274 elementor-widget elementor-widget-pressmart-banner\" data-id=\"ceaa274\" data-element_type=\"widget\" data-widget_type=\"pressmart-banner.default\">\n\t\t\t\t<div class=\"elementor-widget-container\">\n\t\t\t\t\t<div id=\"pressmart-banner-73764\" class=\"pressmart-element pressmart-banner banner-zoom-out\">\n\t<div class=\"banner-wrapper\" >\n\t\t\t\t\t<div class=\"banner-image-wrap\">\t\t\t\n\t\t\t\t<div class=\"banner-image\">\n\t\t\t\t\t<img decoding=\"async\" src=\"https:\/\/bonea-zilina.sk\/wp-content\/uploads\/2024\/02\/dver02.jpg\" alt=\"\">\n\t\t\t\t<\/div>\t\t\t\n\t\t\t<\/div>\n\t\t\t\t\t\t\t<div class=\"banner-content-wrap\">\n\t\t\t\t<div class=\"banner-content\">\n\t\t\t\t\t\t\t\t\t\t\t<div class=\"banner-subtitle-wrap banner-subtitle-default\">\n\t\t\t\t\t\t\t<span class=\"banner-subtitle\">Nov\u00e1 kolekcia<\/span>\n\t\t\t\t\t\t<\/div>\n\t\t\t\t\t\t\t\t\t\t<div class=\"banner-title-wrap\">\n\t\t\t\t\t\t<h3 class=\"banner-title\"> Dvere<\/h3>\n\t\t\t\t\t<\/div>\t\t\t\t\n\t\t\t\t\t\t\t\t\t\t\t<div class=\"banner-button pressmart-button\">\n\t\t\t\t\t\t\t<a href=\"https:\/\/bonea-zilina.sk\/?product_cat=dvere\" target=\"_self\" class=\"button btn-style-outline btn-shape-rounded btn-icon-right\">Zobrazi\u0165 ponuku <\/a>\n\t\t\t\t\t\t<\/div>\n\t\t\t\t\t\t\t\t\t<\/div>\n\t\t\t\t\n\t\t\t<\/div>\n\t\t\t<\/div>\n<\/div>\n\t\t\t\t<\/div>\n\t\t\t\t<\/div>\n\t\t\t\t\t<\/div>\n\t\t<\/div>\n\t\t\t\t<div class=\"elementor-column elementor-col-25 elementor-top-column elementor-element elementor-element-d99471d\" data-id=\"d99471d\" data-element_type=\"column\">\n\t\t\t<div class=\"elementor-widget-wrap elementor-element-populated\">\n\t\t\t\t\t\t<div class=\"elementor-element elementor-element-4c7fa6f elementor-widget elementor-widget-pressmart-banner\" data-id=\"4c7fa6f\" data-element_type=\"widget\" data-widget_type=\"pressmart-banner.default\">\n\t\t\t\t<div class=\"elementor-widget-container\">\n\t\t\t\t\t<div id=\"pressmart-banner-20841\" class=\"pressmart-element pressmart-banner banner-zoom-out\">\n\t<div class=\"banner-wrapper\" >\n\t\t\t\t\t<div class=\"banner-image-wrap\">\t\t\t\n\t\t\t\t<div class=\"banner-image\">\n\t\t\t\t\t<img decoding=\"async\" src=\"https:\/\/bonea-zilina.sk\/wp-content\/uploads\/2024\/02\/podlaha.jpg\" alt=\"\">\n\t\t\t\t<\/div>\t\t\t\n\t\t\t<\/div>\n\t\t\t\t\t\t\t<div class=\"banner-content-wrap\">\n\t\t\t\t<div class=\"banner-content\">\n\t\t\t\t\t\t\t\t\t\t\t<div class=\"banner-subtitle-wrap banner-subtitle-default\">\n\t\t\t\t\t\t\t<span class=\"banner-subtitle\">Nov\u00e1 kolekcia<\/span>\n\t\t\t\t\t\t<\/div>\n\t\t\t\t\t\t\t\t\t\t<div class=\"banner-title-wrap\">\n\t\t\t\t\t\t<h3 class=\"banner-title\"> Podlahy<\/h3>\n\t\t\t\t\t<\/div>\t\t\t\t\n\t\t\t\t\t\t\t\t\t\t\t<div class=\"banner-button pressmart-button\">\n\t\t\t\t\t\t\t<a href=\"#\" target=\"_self\" class=\"button btn-style-outline btn-shape-rounded\">Zobrazi\u0165 ponuku<\/a>\n\t\t\t\t\t\t<\/div>\n\t\t\t\t\t\t\t\t\t<\/div>\n\t\t\t\t\n\t\t\t<\/div>\n\t\t\t<\/div>\n<\/div>\n\t\t\t\t<\/div>\n\t\t\t\t<\/div>\n\t\t\t\t\t<\/div>\n\t\t<\/div>\n\t\t\t\t<div class=\"elementor-column elementor-col-25 elementor-top-column elementor-element elementor-element-9040731\" data-id=\"9040731\" data-element_type=\"column\">\n\t\t\t<div class=\"elementor-widget-wrap elementor-element-populated\">\n\t\t\t\t\t\t<div class=\"elementor-element elementor-element-750bb3a elementor-widget elementor-widget-pressmart-banner\" data-id=\"750bb3a\" data-element_type=\"widget\" data-widget_type=\"pressmart-banner.default\">\n\t\t\t\t<div class=\"elementor-widget-container\">\n\t\t\t\t\t<div id=\"pressmart-banner-14920\" class=\"pressmart-element pressmart-banner banner-zoom-out\">\n\t<div class=\"banner-wrapper\" >\n\t\t\t\t\t<div class=\"banner-image-wrap\">\t\t\t\n\t\t\t\t<div class=\"banner-image\">\n\t\t\t\t\t<img decoding=\"async\" src=\"https:\/\/bonea-zilina.sk\/wp-content\/uploads\/2024\/02\/doplnky.jpg\" alt=\"\">\n\t\t\t\t<\/div>\t\t\t\n\t\t\t<\/div>\n\t\t\t\t\t\t\t<div class=\"banner-content-wrap\">\n\t\t\t\t<div class=\"banner-content\">\n\t\t\t\t\t\t\t\t\t\t\t<div class=\"banner-subtitle-wrap banner-subtitle-default\">\n\t\t\t\t\t\t\t<span class=\"banner-subtitle\">Li\u0161tky, kritky, klu\u010dky<\/span>\n\t\t\t\t\t\t<\/div>\n\t\t\t\t\t\t\t\t\t\t<div class=\"banner-title-wrap\">\n\t\t\t\t\t\t<h3 class=\"banner-title\"> Doplnky<\/h3>\n\t\t\t\t\t<\/div>\t\t\t\t\n\t\t\t\t\t\t\t\t\t\t\t<div class=\"banner-button pressmart-button\">\n\t\t\t\t\t\t\t<a href=\"#\" target=\"_self\" class=\"btn-style-text\">Zobrazi\u0165 ponuku<\/a>\n\t\t\t\t\t\t<\/div>\n\t\t\t\t\t\t\t\t\t<\/div>\n\t\t\t\t\n\t\t\t<\/div>\n\t\t\t<\/div>\n<\/div>\n\t\t\t\t<\/div>\n\t\t\t\t<\/div>\n\t\t\t\t<div class=\"elementor-element elementor-element-0147721 elementor-widget elementor-widget-pressmart-banner\" data-id=\"0147721\" data-element_type=\"widget\" data-widget_type=\"pressmart-banner.default\">\n\t\t\t\t<div class=\"elementor-widget-container\">\n\t\t\t\t\t<div id=\"pressmart-banner-90757\" class=\"pressmart-element pressmart-banner banner-zoom-out\">\n\t<div class=\"banner-wrapper\" >\n\t\t\t\t\t<div class=\"banner-image-wrap\">\t\t\t\n\t\t\t\t<div class=\"banner-image\">\n\t\t\t\t\t<img decoding=\"async\" src=\"https:\/\/bonea-zilina.sk\/wp-content\/uploads\/2024\/02\/doplnky.jpg\" alt=\"\">\n\t\t\t\t<\/div>\t\t\t\n\t\t\t<\/div>\n\t\t\t\t\t\t\t<div class=\"banner-content-wrap\">\n\t\t\t\t<div class=\"banner-content\">\n\t\t\t\t\t\t\t\t\t\t\t<div class=\"banner-subtitle-wrap banner-subtitle-default\">\n\t\t\t\t\t\t\t<span class=\"banner-subtitle\">Dom\u00e1cnos\u0165<\/span>\n\t\t\t\t\t\t<\/div>\n\t\t\t\t\t\t\t\t\t\t<div class=\"banner-title-wrap\">\n\t\t\t\t\t\t<h3 class=\"banner-title\"> Interi\u00e9rov\u00e9 vybavenie<\/h3>\n\t\t\t\t\t<\/div>\t\t\t\t\n\t\t\t\t\t\t\t\t\t\t\t<div class=\"banner-button pressmart-button\">\n\t\t\t\t\t\t\t<a href=\"#\" target=\"_self\" class=\"btn-style-text\">Zobrazi\u0165 ponuku<\/a>\n\t\t\t\t\t\t<\/div>\n\t\t\t\t\t\t\t\t\t<\/div>\n\t\t\t\t\n\t\t\t<\/div>\n\t\t\t<\/div>\n<\/div>\n\t\t\t\t<\/div>\n\t\t\t\t<\/div>\n\t\t\t\t\t<\/div>\n\t\t<\/div>\n\t\t\t\t\t<\/div>\n\t\t<\/section>\n\t\t\t\t<\/div>\n\t\t","protected":false},"excerpt":{"rendered":"<p>Stol\u00e1rstvo Stavan\u00e9 skrine od 299\u20ac Viac inform\u00e1ci\u00ed Stol\u00e1rstvo Kuchyne na mieru Od 999\u20ac Viac Inform\u00e1ci\u00ed Doprava zadarmo Pre objedn\u00e1vky od 999\u20ac Osobn\u00fd pr\u00edstup Stretnutie na na\u0161ej predajni 100% Z\u00e1ruka vr\u00e1tenia Na\u0161ej pr\u00e1ci ver\u00edme na 100% V\u00fdroba na mieru Slovensky v\u00fdrobca<\/p>\n","protected":false},"author":1,"featured_media":0,"parent":0,"menu_order":0,"comment_status":"closed","ping_status":"closed","template":"","meta":{"footnotes":""},"class_list":["post-1078","page","type-page","status-publish","hentry"],"_links":{"self":[{"href":"https:\/\/bonea-zilina.sk\/index.php?rest_route=\/wp\/v2\/pages\/1078","targetHints":{"allow":["GET"]}}],"collection":[{"href":"https:\/\/bonea-zilina.sk\/index.php?rest_route=\/wp\/v2\/pages"}],"about":[{"href":"https:\/\/bonea-zilina.sk\/index.php?rest_route=\/wp\/v2\/types\/page"}],"author":[{"embeddable":true,"href":"https:\/\/bonea-zilina.sk\/index.php?rest_route=\/wp\/v2\/users\/1"}],"replies":[{"embeddable":true,"href":"https:\/\/bonea-zilina.sk\/index.php?rest_route=%2Fwp%2Fv2%2Fcomments&post=1078"}],"version-history":[{"count":57,"href":"https:\/\/bonea-zilina.sk\/index.php?rest_route=\/wp\/v2\/pages\/1078\/revisions"}],"predecessor-version":[{"id":3886,"href":"https:\/\/bonea-zilina.sk\/index.php?rest_route=\/wp\/v2\/pages\/1078\/revisions\/3886"}],"wp:attachment":[{"href":"https:\/\/bonea-zilina.sk\/index.php?rest_route=%2Fwp%2Fv2%2Fmedia&parent=1078"}],"curies":[{"name":"wp","href":"https:\/\/api.w.org\/{rel}","templated":true}]}}