{"id":592,"date":"2022-05-06T13:31:05","date_gmt":"2022-05-06T13:31:05","guid":{"rendered":"https:\/\/pressmart.presslayouts.com\/dummy\/?page_id=592"},"modified":"2024-02-27T20:02:30","modified_gmt":"2024-02-27T20:02:30","slug":"about-us","status":"publish","type":"page","link":"https:\/\/bonea-zilina.sk\/?page_id=592","title":{"rendered":"Stol\u00e1rstvo"},"content":{"rendered":"\t\t<div data-elementor-type=\"wp-page\" data-elementor-id=\"592\" class=\"elementor elementor-592\">\n\t\t\t\t\t\t<section class=\"elementor-section elementor-top-section elementor-element elementor-element-14a4298c elementor-section-content-middle elementor-section-boxed elementor-section-height-default elementor-section-height-default\" data-id=\"14a4298c\" data-element_type=\"section\">\n\t\t\t\t\t\t<div class=\"elementor-container elementor-column-gap-default\">\n\t\t\t\t\t<div class=\"elementor-column elementor-col-50 elementor-top-column elementor-element elementor-element-32c77199\" data-id=\"32c77199\" data-element_type=\"column\">\n\t\t\t<div class=\"elementor-widget-wrap elementor-element-populated\">\n\t\t\t\t\t\t<div class=\"elementor-element elementor-element-37b0db26 elementor-widget elementor-widget-image\" data-id=\"37b0db26\" data-element_type=\"widget\" data-widget_type=\"image.default\">\n\t\t\t\t<div class=\"elementor-widget-container\">\n\t\t\t\t\t\t\t\t\t\t\t\t\t\t\t<img fetchpriority=\"high\" decoding=\"async\" width=\"652\" height=\"437\" src=\"https:\/\/bonea-zilina.sk\/wp-content\/uploads\/2024\/02\/bonea.jpg\" class=\"attachment-large size-large wp-image-1191\" alt=\"\" srcset=\"https:\/\/bonea-zilina.sk\/wp-content\/uploads\/2024\/02\/bonea.jpg 652w, https:\/\/bonea-zilina.sk\/wp-content\/uploads\/2024\/02\/bonea-480x322.jpg 480w, https:\/\/bonea-zilina.sk\/wp-content\/uploads\/2024\/02\/bonea-150x101.jpg 150w\" sizes=\"(max-width: 652px) 100vw, 652px\" \/>\t\t\t\t\t\t\t\t\t\t\t\t\t\t\t<\/div>\n\t\t\t\t<\/div>\n\t\t\t\t\t<\/div>\n\t\t<\/div>\n\t\t\t\t<div class=\"elementor-column elementor-col-50 elementor-top-column elementor-element elementor-element-5ab80ad6\" data-id=\"5ab80ad6\" data-element_type=\"column\">\n\t\t\t<div class=\"elementor-widget-wrap elementor-element-populated\">\n\t\t\t\t\t\t<div class=\"elementor-element elementor-element-76adda4d elementor-widget elementor-widget-pressmart-heading\" data-id=\"76adda4d\" data-element_type=\"widget\" data-widget_type=\"pressmart-heading.default\">\n\t\t\t\t<div class=\"elementor-widget-container\">\n\t\t\t\t\t<div id=\"pressmart-header-90913\" class=\"pressmart-element pressmart-heading text-left separator-none separator-between-heading\">\t\n\t\t\t\n\t\t\t<div class=\"heading-wrap\">\n\t\t\t<span class=\"separator-left\"><\/span>\n\t\t\t<h2 class=\"heading-title\">Stol\u00e1rstvo Bonea<\/h2>\t\t\t<span class=\"separator-right\"><\/span>\n\t\t\t\t\t<\/div>\n\t\t\n    <\/div>\t\t\t\t<\/div>\n\t\t\t\t<\/div>\n\t\t\t\t<div class=\"elementor-element elementor-element-7756bdf4 elementor-widget elementor-widget-text-editor\" data-id=\"7756bdf4\" data-element_type=\"widget\" data-widget_type=\"text-editor.default\">\n\t\t\t\t<div class=\"elementor-widget-container\">\n\t\t\t\t\t\t\t\t\t<p>Stol\u00e1rstvo Bonea je rodinn\u00e1 firma s bohatou trad\u00edciou v remesle. \u0160pecializujeme sa na v\u00fdrobu n\u00e1bytku na mieru z dreva, vr\u00e1tane kuchynsk\u00fdch liniek, stavan\u00fdch skr\u00ed\u0148, a mnoho \u010fal\u0161\u00edch unik\u00e1tnych k\u00faskov, ktor\u00e9 zabezpe\u010duj\u00fa dokonal\u00fa harm\u00f3niu v ka\u017edom interi\u00e9ri.<\/p>\t\t\t\t\t\t\t\t<\/div>\n\t\t\t\t<\/div>\n\t\t\t\t<div class=\"elementor-element elementor-element-31582a32 elementor-icon-list--layout-traditional elementor-list-item-link-full_width elementor-widget elementor-widget-icon-list\" data-id=\"31582a32\" data-element_type=\"widget\" data-widget_type=\"icon-list.default\">\n\t\t\t\t<div class=\"elementor-widget-container\">\n\t\t\t\t\t\t\t<ul class=\"elementor-icon-list-items\">\n\t\t\t\t\t\t\t<li class=\"elementor-icon-list-item\">\n\t\t\t\t\t\t\t\t\t\t\t<span class=\"elementor-icon-list-icon\">\n\t\t\t\t\t\t\t<svg aria-hidden=\"true\" class=\"e-font-icon-svg e-fas-pen\" viewBox=\"0 0 512 512\" xmlns=\"http:\/\/www.w3.org\/2000\/svg\"><path d=\"M290.74 93.24l128.02 128.02-277.99 277.99-114.14 12.6C11.35 513.54-1.56 500.62.14 485.34l12.7-114.22 277.9-277.88zm207.2-19.06l-60.11-60.11c-18.75-18.75-49.16-18.75-67.91 0l-56.55 56.55 128.02 128.02 56.55-56.55c18.75-18.76 18.75-49.16 0-67.91z\"><\/path><\/svg>\t\t\t\t\t\t<\/span>\n\t\t\t\t\t\t\t\t\t\t<span class=\"elementor-icon-list-text\"><span>Navrhujeme \u00fatuln\u00e9 domovy s jedine\u010dn\u00fdm n\u00e1bytkom na mieru.<\/span><\/span>\n\t\t\t\t\t\t\t\t\t<\/li>\n\t\t\t\t\t\t\t\t<li class=\"elementor-icon-list-item\">\n\t\t\t\t\t\t\t\t\t\t\t<span class=\"elementor-icon-list-icon\">\n\t\t\t\t\t\t\t<svg aria-hidden=\"true\" class=\"e-font-icon-svg e-far-grin-hearts\" viewBox=\"0 0 496 512\" xmlns=\"http:\/\/www.w3.org\/2000\/svg\"><path d=\"M353.6 304.6c-25.9 8.3-64.4 13.1-105.6 13.1s-79.6-4.8-105.6-13.1c-9.8-3.1-19.4 5.3-17.7 15.3 7.9 47.2 71.3 80 123.3 80s115.3-32.9 123.3-80c1.6-9.8-7.7-18.4-17.7-15.3zm-152.8-48.9c4.5 1.2 9.2-1.5 10.5-6l19.4-69.9c5.6-20.3-7.4-41.1-28.8-44.5-18.6-3-36.4 9.8-41.5 27.9l-2 7.1-7.1-1.9c-18.2-4.7-38.2 4.3-44.9 22-7.7 20.2 3.8 41.9 24.2 47.2l70.2 18.1zm188.8-65.3c-6.7-17.6-26.7-26.7-44.9-22l-7.1 1.9-2-7.1c-5-18.1-22.8-30.9-41.5-27.9-21.4 3.4-34.4 24.2-28.8 44.5l19.4 69.9c1.2 4.5 5.9 7.2 10.5 6l70.2-18.2c20.4-5.3 31.9-26.9 24.2-47.1zM248 8C111 8 0 119 0 256s111 248 248 248 248-111 248-248S385 8 248 8zm0 448c-110.3 0-200-89.7-200-200S137.7 56 248 56s200 89.7 200 200-89.7 200-200 200z\"><\/path><\/svg>\t\t\t\t\t\t<\/span>\n\t\t\t\t\t\t\t\t\t\t<span class=\"elementor-icon-list-text\">Ekologicky udr\u017eate\u013en\u00fd n\u00e1bytok z pr\u00edrodn\u00fdch materi\u00e1lov.<\/span>\n\t\t\t\t\t\t\t\t\t<\/li>\n\t\t\t\t\t\t\t\t<li class=\"elementor-icon-list-item\">\n\t\t\t\t\t\t\t\t\t\t\t<span class=\"elementor-icon-list-icon\">\n\t\t\t\t\t\t\t<svg aria-hidden=\"true\" class=\"e-font-icon-svg e-fas-search\" viewBox=\"0 0 512 512\" xmlns=\"http:\/\/www.w3.org\/2000\/svg\"><path d=\"M505 442.7L405.3 343c-4.5-4.5-10.6-7-17-7H372c27.6-35.3 44-79.7 44-128C416 93.1 322.9 0 208 0S0 93.1 0 208s93.1 208 208 208c48.3 0 92.7-16.4 128-44v16.3c0 6.4 2.5 12.5 7 17l99.7 99.7c9.4 9.4 24.6 9.4 33.9 0l28.3-28.3c9.4-9.4 9.4-24.6.1-34zM208 336c-70.7 0-128-57.2-128-128 0-70.7 57.2-128 128-128 70.7 0 128 57.2 128 128 0 70.7-57.2 128-128 128z\"><\/path><\/svg>\t\t\t\t\t\t<\/span>\n\t\t\t\t\t\t\t\t\t\t<span class=\"elementor-icon-list-text\">Majstrovsk\u00e1 pr\u00e1ca v ka\u017edom k\u00fasku n\u00e1bytku.<\/span>\n\t\t\t\t\t\t\t\t\t<\/li>\n\t\t\t\t\t\t\t\t<li class=\"elementor-icon-list-item\">\n\t\t\t\t\t\t\t\t\t\t\t<span class=\"elementor-icon-list-icon\">\n\t\t\t\t\t\t\t<svg aria-hidden=\"true\" class=\"e-font-icon-svg e-fab-ideal\" viewBox=\"0 0 576 512\" xmlns=\"http:\/\/www.w3.org\/2000\/svg\"><path d=\"M125.61,165.48a49.07,49.07,0,1,0,49.06,49.06A49.08,49.08,0,0,0,125.61,165.48ZM86.15,425.84h78.94V285.32H86.15Zm151.46-211.6c0-20-10-22.53-18.74-22.53H204.82V237.5h14.05C228.62,237.5,237.61,234.69,237.61,214.24Zm201.69,46V168.93h22.75V237.5h33.69C486.5,113.08,388.61,86.19,299.67,86.19H204.84V169h14c25.6,0,41.5,17.35,41.5,45.26,0,28.81-15.52,46-41.5,46h-14V425.88h94.83c144.61,0,194.94-67.16,196.72-165.64Zm-109.75,0H273.3V169h54.43v22.73H296v10.58h30V225H296V237.5h33.51Zm74.66,0-5.16-17.67H369.31l-5.18,17.67H340.47L368,168.92h32.35l27.53,91.34ZM299.65,32H32V480H299.65c161.85,0,251-79.73,251-224.52C550.62,172,518,32,299.65,32Zm0,426.92H53.07V53.07H299.65c142.1,0,229.9,64.61,229.9,202.41C529.55,389.57,448.55,458.92,299.65,458.92Zm83.86-264.85L376,219.88H392.4l-7.52-25.81Z\"><\/path><\/svg>\t\t\t\t\t\t<\/span>\n\t\t\t\t\t\t\t\t\t\t<span class=\"elementor-icon-list-text\">Va\u0161e n\u00e1pady, na\u0161a tvorivos\u0165, \u00fa\u017easn\u00fd v\u00fdsledok.<\/span>\n\t\t\t\t\t\t\t\t\t<\/li>\n\t\t\t\t\t\t<\/ul>\n\t\t\t\t\t\t<\/div>\n\t\t\t\t<\/div>\n\t\t\t\t\t<\/div>\n\t\t<\/div>\n\t\t\t\t\t<\/div>\n\t\t<\/section>\n\t\t<div class=\"elementor-element elementor-element-915b30c e-flex e-con-boxed e-con e-parent\" data-id=\"915b30c\" data-element_type=\"container\">\n\t\t\t\t\t<div class=\"e-con-inner\">\n\t\t\t\t<div class=\"elementor-element elementor-element-201e11b elementor-widget elementor-widget-pressmart-heading\" data-id=\"201e11b\" data-element_type=\"widget\" data-widget_type=\"pressmart-heading.default\">\n\t\t\t\t<div class=\"elementor-widget-container\">\n\t\t\t\t\t<div id=\"pressmart-header-63911\" class=\"pressmart-element pressmart-heading text-center separator-none separator-between-heading\">\t\n\t\t\t\n\t\t\t<div class=\"heading-wrap\">\n\t\t\t<span class=\"separator-left\"><\/span>\n\t\t\t<h2 class=\"heading-title\">Na\u0161e pr\u00e1ce<\/h2>\t\t\t<span class=\"separator-right\"><\/span>\n\t\t\t\t\t<\/div>\n\t\t\n    \t\t<div class=\"heading-tagline\"> V Stol\u00e1rstve Bonea ver\u00edme, \u017ee ka\u017ed\u00fd dom by mal by\u0165 miestom, kde sa c\u00edtite pohodlne a \u0161\u0165astne. Preto sa sna\u017e\u00edme navrhova\u0165 a vyr\u00e1ba\u0165 n\u00e1bytok, ktor\u00fd nie je len funk\u010dn\u00fd, ale aj kr\u00e1sny a odr\u00e1\u017eaj\u00faci osobnos\u0165 svojho majite\u013ea. Sme hrd\u00ed na to, \u017ee na\u0161a pr\u00e1ca prispieva k vytvoreniu tak\u00fdchto \u00fatuln\u00fdch a tepl\u00fdch domov pre na\u0161ich z\u00e1kazn\u00edkov. V\u0161etko za dostupn\u00e9 ceny! <\/div>\n\t<\/div>\t\t\t\t<\/div>\n\t\t\t\t<\/div>\n\t\t\t\t\t<\/div>\n\t\t\t\t<\/div>\n\t\t<div class=\"elementor-element elementor-element-ff65e63 e-flex e-con-boxed e-con e-parent\" data-id=\"ff65e63\" data-element_type=\"container\">\n\t\t\t\t\t<div class=\"e-con-inner\">\n\t\t\t\t<div class=\"elementor-element elementor-element-0951e14 elementor-arrows-position-inside elementor-pagination-position-outside elementor-widget elementor-widget-image-carousel\" data-id=\"0951e14\" data-element_type=\"widget\" data-settings=\"{&quot;slides_to_show&quot;:&quot;1&quot;,&quot;navigation&quot;:&quot;both&quot;,&quot;autoplay&quot;:&quot;yes&quot;,&quot;pause_on_hover&quot;:&quot;yes&quot;,&quot;pause_on_interaction&quot;:&quot;yes&quot;,&quot;autoplay_speed&quot;:5000,&quot;infinite&quot;:&quot;yes&quot;,&quot;effect&quot;:&quot;slide&quot;,&quot;speed&quot;:500}\" data-widget_type=\"image-carousel.default\">\n\t\t\t\t<div class=\"elementor-widget-container\">\n\t\t\t\t\t\t\t<div class=\"elementor-image-carousel-wrapper swiper\" role=\"region\" aria-roledescription=\"carousel\" aria-label=\"Obr\u00e1zkov\u00fd kot\u00fa\u010d\" dir=\"ltr\">\n\t\t\t<div class=\"elementor-image-carousel swiper-wrapper\" aria-live=\"off\">\n\t\t\t\t\t\t\t\t<div class=\"swiper-slide\" role=\"group\" aria-roledescription=\"slide\" aria-label=\"1 of 6\"><figure class=\"swiper-slide-inner\"><img decoding=\"async\" class=\"swiper-slide-image\" src=\"https:\/\/bonea-zilina.sk\/wp-content\/uploads\/2024\/02\/19466627_1382364798516221_3754071088103417807_o-768x576.jpg\" alt=\"19466627_1382364798516221_3754071088103417807_o\" \/><\/figure><\/div><div class=\"swiper-slide\" role=\"group\" aria-roledescription=\"slide\" aria-label=\"2 of 6\"><figure class=\"swiper-slide-inner\"><img decoding=\"async\" class=\"swiper-slide-image\" src=\"https:\/\/bonea-zilina.sk\/wp-content\/uploads\/2024\/02\/51920780_2060582764027751_8215934556465790976_n-1-768x432.jpg\" alt=\"51920780_2060582764027751_8215934556465790976_n\" \/><\/figure><\/div><div class=\"swiper-slide\" role=\"group\" aria-roledescription=\"slide\" aria-label=\"3 of 6\"><figure class=\"swiper-slide-inner\"><img decoding=\"async\" class=\"swiper-slide-image\" src=\"https:\/\/bonea-zilina.sk\/wp-content\/uploads\/2024\/02\/67230797_2296465153772843_2612197610483613696_n-768x432.jpg\" alt=\"67230797_2296465153772843_2612197610483613696_n\" \/><\/figure><\/div><div class=\"swiper-slide\" role=\"group\" aria-roledescription=\"slide\" aria-label=\"4 of 6\"><figure class=\"swiper-slide-inner\"><img decoding=\"async\" class=\"swiper-slide-image\" src=\"https:\/\/bonea-zilina.sk\/wp-content\/uploads\/2024\/02\/31776006_1670861236333241_8986334612854669312_n-768x576.jpg\" alt=\"31776006_1670861236333241_8986334612854669312_n\" \/><\/figure><\/div><div class=\"swiper-slide\" role=\"group\" aria-roledescription=\"slide\" aria-label=\"5 of 6\"><figure class=\"swiper-slide-inner\"><img decoding=\"async\" class=\"swiper-slide-image\" src=\"https:\/\/bonea-zilina.sk\/wp-content\/uploads\/2024\/02\/30073658_1643108292441869_1530259376618599270_o-768x576.jpg\" alt=\"30073658_1643108292441869_1530259376618599270_o\" \/><\/figure><\/div><div class=\"swiper-slide\" role=\"group\" aria-roledescription=\"slide\" aria-label=\"6 of 6\"><figure class=\"swiper-slide-inner\"><img decoding=\"async\" class=\"swiper-slide-image\" src=\"https:\/\/bonea-zilina.sk\/wp-content\/uploads\/2024\/02\/68957531_2336830229736335_6597641950789107712_n-768x432.jpg\" alt=\"68957531_2336830229736335_6597641950789107712_n\" \/><\/figure><\/div>\t\t\t<\/div>\n\t\t\t\t\t\t\t\t\t\t\t\t<div class=\"elementor-swiper-button elementor-swiper-button-prev\" role=\"button\" tabindex=\"0\">\n\t\t\t\t\t\t<svg aria-hidden=\"true\" class=\"e-font-icon-svg e-eicon-chevron-left\" viewBox=\"0 0 1000 1000\" xmlns=\"http:\/\/www.w3.org\/2000\/svg\"><path d=\"M646 125C629 125 613 133 604 142L308 442C296 454 292 471 292 487 292 504 296 521 308 533L604 854C617 867 629 875 646 875 663 875 679 871 692 858 704 846 713 829 713 812 713 796 708 779 692 767L438 487 692 225C700 217 708 204 708 187 708 171 704 154 692 142 675 129 663 125 646 125Z\"><\/path><\/svg>\t\t\t\t\t<\/div>\n\t\t\t\t\t<div class=\"elementor-swiper-button elementor-swiper-button-next\" role=\"button\" tabindex=\"0\">\n\t\t\t\t\t\t<svg aria-hidden=\"true\" class=\"e-font-icon-svg e-eicon-chevron-right\" viewBox=\"0 0 1000 1000\" xmlns=\"http:\/\/www.w3.org\/2000\/svg\"><path d=\"M696 533C708 521 713 504 713 487 713 471 708 454 696 446L400 146C388 133 375 125 354 125 338 125 325 129 313 142 300 154 292 171 292 187 292 204 296 221 308 233L563 492 304 771C292 783 288 800 288 817 288 833 296 850 308 863 321 871 338 875 354 875 371 875 388 867 400 854L696 533Z\"><\/path><\/svg>\t\t\t\t\t<\/div>\n\t\t\t\t\n\t\t\t\t\t\t\t\t\t<div class=\"swiper-pagination\"><\/div>\n\t\t\t\t\t\t\t\t\t<\/div>\n\t\t\t\t\t\t<\/div>\n\t\t\t\t<\/div>\n\t\t\t\t\t<\/div>\n\t\t\t\t<\/div>\n\t\t\t\t<\/div>\n\t\t","protected":false},"excerpt":{"rendered":"<p>Stol\u00e1rstvo Bonea Stol\u00e1rstvo Bonea je rodinn\u00e1 firma s bohatou trad\u00edciou v remesle. \u0160pecializujeme sa na v\u00fdrobu n\u00e1bytku na mieru z dreva, vr\u00e1tane kuchynsk\u00fdch liniek, stavan\u00fdch skr\u00ed\u0148, a mnoho \u010fal\u0161\u00edch unik\u00e1tnych k\u00faskov, ktor\u00e9 zabezpe\u010duj\u00fa dokonal\u00fa harm\u00f3niu v ka\u017edom interi\u00e9ri. Navrhujeme \u00fatuln\u00e9<\/p>\n","protected":false},"author":1,"featured_media":0,"parent":0,"menu_order":0,"comment_status":"closed","ping_status":"closed","template":"","meta":{"footnotes":""},"class_list":["post-592","page","type-page","status-publish","hentry"],"_links":{"self":[{"href":"https:\/\/bonea-zilina.sk\/index.php?rest_route=\/wp\/v2\/pages\/592","targetHints":{"allow":["GET"]}}],"collection":[{"href":"https:\/\/bonea-zilina.sk\/index.php?rest_route=\/wp\/v2\/pages"}],"about":[{"href":"https:\/\/bonea-zilina.sk\/index.php?rest_route=\/wp\/v2\/types\/page"}],"author":[{"embeddable":true,"href":"https:\/\/bonea-zilina.sk\/index.php?rest_route=\/wp\/v2\/users\/1"}],"replies":[{"embeddable":true,"href":"https:\/\/bonea-zilina.sk\/index.php?rest_route=%2Fwp%2Fv2%2Fcomments&post=592"}],"version-history":[{"count":14,"href":"https:\/\/bonea-zilina.sk\/index.php?rest_route=\/wp\/v2\/pages\/592\/revisions"}],"predecessor-version":[{"id":1209,"href":"https:\/\/bonea-zilina.sk\/index.php?rest_route=\/wp\/v2\/pages\/592\/revisions\/1209"}],"wp:attachment":[{"href":"https:\/\/bonea-zilina.sk\/index.php?rest_route=%2Fwp%2Fv2%2Fmedia&parent=592"}],"curies":[{"name":"wp","href":"https:\/\/api.w.org\/{rel}","templated":true}]}}