{"id":606,"date":"2022-05-07T09:33:37","date_gmt":"2022-05-07T09:33:37","guid":{"rendered":"https:\/\/pressmart.presslayouts.com\/dummy\/?page_id=606"},"modified":"2024-03-06T16:35:38","modified_gmt":"2024-03-06T16:35:38","slug":"about-us-2","status":"publish","type":"page","link":"https:\/\/bonea-zilina.sk\/?page_id=606","title":{"rendered":"About Us 2"},"content":{"rendered":"\t\t<div data-elementor-type=\"wp-page\" data-elementor-id=\"606\" class=\"elementor elementor-606\">\n\t\t\t\t\t\t<section class=\"elementor-section elementor-top-section elementor-element elementor-element-94260c5 elementor-section-content-middle elementor-section-boxed elementor-section-height-default elementor-section-height-default\" data-id=\"94260c5\" data-element_type=\"section\">\n\t\t\t\t\t\t<div class=\"elementor-container elementor-column-gap-default\">\n\t\t\t\t\t<div class=\"elementor-column elementor-col-50 elementor-top-column elementor-element elementor-element-d878ea5\" data-id=\"d878ea5\" data-element_type=\"column\">\n\t\t\t<div class=\"elementor-widget-wrap elementor-element-populated\">\n\t\t\t\t\t\t<div class=\"elementor-element elementor-element-7614f76 elementor-widget elementor-widget-image\" data-id=\"7614f76\" data-element_type=\"widget\" data-widget_type=\"image.default\">\n\t\t\t\t<div class=\"elementor-widget-container\">\n\t\t\t\t\t\t\t\t\t\t\t\t\t\t\t<img fetchpriority=\"high\" decoding=\"async\" width=\"768\" height=\"1024\" src=\"https:\/\/bonea-zilina.sk\/wp-content\/uploads\/2024\/03\/IMG_7714-768x1024.jpg\" class=\"attachment-medium_large size-medium_large wp-image-1344\" alt=\"\" srcset=\"https:\/\/bonea-zilina.sk\/wp-content\/uploads\/2024\/03\/IMG_7714-768x1024.jpg 768w, https:\/\/bonea-zilina.sk\/wp-content\/uploads\/2024\/03\/IMG_7714-270x360.jpg 270w, https:\/\/bonea-zilina.sk\/wp-content\/uploads\/2024\/03\/IMG_7714-576x768.jpg 576w, https:\/\/bonea-zilina.sk\/wp-content\/uploads\/2024\/03\/IMG_7714-1152x1536.jpg 1152w, https:\/\/bonea-zilina.sk\/wp-content\/uploads\/2024\/03\/IMG_7714-1536x2048.jpg 1536w, https:\/\/bonea-zilina.sk\/wp-content\/uploads\/2024\/03\/IMG_7714-700x933.jpg 700w, https:\/\/bonea-zilina.sk\/wp-content\/uploads\/2024\/03\/IMG_7714-113x150.jpg 113w, https:\/\/bonea-zilina.sk\/wp-content\/uploads\/2024\/03\/IMG_7714-scaled.jpg 1920w\" sizes=\"(max-width: 768px) 100vw, 768px\" \/>\t\t\t\t\t\t\t\t\t\t\t\t\t\t\t<\/div>\n\t\t\t\t<\/div>\n\t\t\t\t\t<\/div>\n\t\t<\/div>\n\t\t\t\t<div class=\"elementor-column elementor-col-50 elementor-top-column elementor-element elementor-element-ac54b9c\" data-id=\"ac54b9c\" data-element_type=\"column\">\n\t\t\t<div class=\"elementor-widget-wrap elementor-element-populated\">\n\t\t\t\t\t\t<div class=\"elementor-element elementor-element-053d306 elementor-widget elementor-widget-pressmart-heading\" data-id=\"053d306\" data-element_type=\"widget\" data-widget_type=\"pressmart-heading.default\">\n\t\t\t\t<div class=\"elementor-widget-container\">\n\t\t\t\t\t<div id=\"pressmart-header-20954\" class=\"pressmart-element pressmart-heading text-left separator-none separator-between-heading\">\t\n\t\t\t\n\t\t\t<div class=\"heading-wrap\">\n\t\t\t<span class=\"separator-left\"><\/span>\n\t\t\t<h2 class=\"heading-title\">Vitajte v na\u0161ej kamennej predajni<\/h2>\t\t\t<span class=\"separator-right\"><\/span>\n\t\t\t\t\t<\/div>\n\t\t\n    <\/div>\t\t\t\t<\/div>\n\t\t\t\t<\/div>\n\t\t\t\t<div class=\"elementor-element elementor-element-32ac745 elementor-widget elementor-widget-text-editor\" data-id=\"32ac745\" data-element_type=\"widget\" data-widget_type=\"text-editor.default\">\n\t\t\t\t<div class=\"elementor-widget-container\">\n\t\t\t\t\t\t\t\t\t<p>V na\u0161om \u00fatulnom obchode n\u00e1jdete \u0161irok\u00fd v\u00fdber kvalitn\u00fdch produktov, ktor\u00e9 spravia v\u00e1\u0161 dom e\u0161te kraj\u0161\u00edm a \u00fatulnej\u0161\u00edm miestom na b\u00fdvanie. Pon\u00fakame \u0161irok\u00fd sortiment dver\u00ed, podl\u00e1h, li\u0161t a \u010fal\u0161\u00edch doplnkov, v\u0161etko vyroben\u00e9 s l\u00e1skou k remeslu a s d\u00f4razom na kvalitu. Na\u0161i odborn\u00edci v\u00e1m s rados\u0165ou poradia a pom\u00f4\u017eu vybra\u0165 tie spr\u00e1vne produkty pre v\u00e1\u0161 dom. Te\u0161\u00edme sa na va\u0161u n\u00e1v\u0161tevu!<\/p>\t\t\t\t\t\t\t\t<\/div>\n\t\t\t\t<\/div>\n\t\t\t\t<section class=\"elementor-section elementor-inner-section elementor-element elementor-element-6d83e3d elementor-section-boxed elementor-section-height-default elementor-section-height-default\" data-id=\"6d83e3d\" data-element_type=\"section\">\n\t\t\t\t\t\t<div class=\"elementor-container elementor-column-gap-default\">\n\t\t\t\t\t<div class=\"elementor-column elementor-col-50 elementor-inner-column elementor-element elementor-element-a555793\" data-id=\"a555793\" data-element_type=\"column\">\n\t\t\t<div class=\"elementor-widget-wrap elementor-element-populated\">\n\t\t\t\t\t\t<div class=\"elementor-element elementor-element-aa73a51 elementor-widget elementor-widget-pressmart-infobox\" data-id=\"aa73a51\" data-element_type=\"widget\" data-widget_type=\"pressmart-infobox.default\">\n\t\t\t\t<div class=\"elementor-widget-container\">\n\t\t\t\t\t<div id=\"pressmart-info-box-64646\" class=\"pressmart-element pressmart-info-box icon-effect-none icon-simple icon-left color-scheme-inherit hover-color-scheme-inherit\">\n\t<div class=\"info-box-wrap\"  >\n\t\t<div class=\"box-icon-wrap\">\n\t\t\t\t\t\t\t<div class=\"info-box-icon\"><i aria-hidden=\"true\" class=\"picon picon-puzzle\"><\/i><\/div>\n\t\t\t\t\t<\/div>\n\t\t<div class=\"info-box-content\">\n\t\t\t\t\t\t\t\t\t\t<div class=\"info-box-title mb\" >\t\t\t\t\n\t\t\t\t\t<h4>Podlahy<\/h4>\t\t\t\t\t\n\t\t\t\t<\/div>\n\t\t\t\t\t\t\t\t\t\t<div class=\"info-box-description mb\">\n\t\t\t\t\t<p>Na\u0161e podlahy zabezpe\u010dia dlhotrvaj\u00faci \u0161t\u00fdlov\u00fd dotyk v\u00e1\u0161ho domova.\n\n<\/p>\n\t\t\t\t<\/div>\n\t\t\t\t\t<\/div>\n\t<\/div>\n<\/div>\t\t\t\t<\/div>\n\t\t\t\t<\/div>\n\t\t\t\t<div class=\"elementor-element elementor-element-a37d3e9 elementor-widget elementor-widget-pressmart-infobox\" data-id=\"a37d3e9\" data-element_type=\"widget\" data-widget_type=\"pressmart-infobox.default\">\n\t\t\t\t<div class=\"elementor-widget-container\">\n\t\t\t\t\t<div id=\"pressmart-info-box-20092\" class=\"pressmart-element pressmart-info-box icon-effect-none icon-simple icon-left color-scheme-inherit hover-color-scheme-inherit\">\n\t<div class=\"info-box-wrap\"  >\n\t\t<div class=\"box-icon-wrap\">\n\t\t\t\t\t\t\t<div class=\"info-box-icon\"><i aria-hidden=\"true\" class=\"picon picon-cube\"><\/i><\/div>\n\t\t\t\t\t<\/div>\n\t\t<div class=\"info-box-content\">\n\t\t\t\t\t\t\t\t\t\t<div class=\"info-box-title mb\" >\t\t\t\t\n\t\t\t\t\t<h4>NABYTOK<\/h4>\t\t\t\t\t\n\t\t\t\t<\/div>\n\t\t\t\t\t\t\t\t\t\t<div class=\"info-box-description mb\">\n\t\t\t\t\t<p>Ka\u017ed\u00fd k\u00fasok n\u00e1\u0161ho n\u00e1bytku prid\u00e1va osobnos\u0165 do v\u00e1\u0161ho interi\u00e9ru.\n\n<\/p>\n\t\t\t\t<\/div>\n\t\t\t\t\t<\/div>\n\t<\/div>\n<\/div>\t\t\t\t<\/div>\n\t\t\t\t<\/div>\n\t\t\t\t\t<\/div>\n\t\t<\/div>\n\t\t\t\t<div class=\"elementor-column elementor-col-50 elementor-inner-column elementor-element elementor-element-1cb80ba\" data-id=\"1cb80ba\" data-element_type=\"column\">\n\t\t\t<div class=\"elementor-widget-wrap elementor-element-populated\">\n\t\t\t\t\t\t<div class=\"elementor-element elementor-element-7a1357d elementor-widget elementor-widget-pressmart-infobox\" data-id=\"7a1357d\" data-element_type=\"widget\" data-widget_type=\"pressmart-infobox.default\">\n\t\t\t\t<div class=\"elementor-widget-container\">\n\t\t\t\t\t<div id=\"pressmart-info-box-19254\" class=\"pressmart-element pressmart-info-box icon-effect-none icon-simple icon-left color-scheme-inherit hover-color-scheme-inherit\">\n\t<div class=\"info-box-wrap\"  >\n\t\t<div class=\"box-icon-wrap\">\n\t\t\t\t\t\t\t<div class=\"info-box-icon\"><i aria-hidden=\"true\" class=\"picon picon-home\"><\/i><\/div>\n\t\t\t\t\t<\/div>\n\t\t<div class=\"info-box-content\">\n\t\t\t\t\t\t\t\t\t\t<div class=\"info-box-title mb\" >\t\t\t\t\n\t\t\t\t\t<h4>Dvere<\/h4>\t\t\t\t\t\n\t\t\t\t<\/div>\n\t\t\t\t\t\t\t\t\t\t<div class=\"info-box-description mb\">\n\t\t\t\t\t<p>Na\u0161e dvere kombinuj\u00fa bezpe\u010dnos\u0165 s eleganciou pre v\u00e1\u0161 domov.\n\n\n\n\n\n<\/p>\n\t\t\t\t<\/div>\n\t\t\t\t\t<\/div>\n\t<\/div>\n<\/div>\t\t\t\t<\/div>\n\t\t\t\t<\/div>\n\t\t\t\t<div class=\"elementor-element elementor-element-c2304d0 elementor-widget elementor-widget-pressmart-infobox\" data-id=\"c2304d0\" data-element_type=\"widget\" data-widget_type=\"pressmart-infobox.default\">\n\t\t\t\t<div class=\"elementor-widget-container\">\n\t\t\t\t\t<div id=\"pressmart-info-box-19169\" class=\"pressmart-element pressmart-info-box icon-effect-none icon-simple icon-left color-scheme-inherit hover-color-scheme-inherit\">\n\t<div class=\"info-box-wrap\"  >\n\t\t<div class=\"box-icon-wrap\">\n\t\t\t\t\t\t\t<div class=\"info-box-icon\"><i aria-hidden=\"true\" class=\"picon picon-slash\"><\/i><\/div>\n\t\t\t\t\t<\/div>\n\t\t<div class=\"info-box-content\">\n\t\t\t\t\t\t\t\t\t\t<div class=\"info-box-title mb\" >\t\t\t\t\n\t\t\t\t\t<h4>Li\u0161ty<\/h4>\t\t\t\t\t\n\t\t\t\t<\/div>\n\t\t\t\t\t\t\t\t\t\t<div class=\"info-box-description mb\">\n\t\t\t\t\t<p>Na\u0161e li\u0161ty dokonale dokon\u010dia vzh\u013ead va\u0161ich podl\u00e1h.\n\n<\/p>\n\t\t\t\t<\/div>\n\t\t\t\t\t<\/div>\n\t<\/div>\n<\/div>\t\t\t\t<\/div>\n\t\t\t\t<\/div>\n\t\t\t\t\t<\/div>\n\t\t<\/div>\n\t\t\t\t\t<\/div>\n\t\t<\/section>\n\t\t\t\t\t<\/div>\n\t\t<\/div>\n\t\t\t\t\t<\/div>\n\t\t<\/section>\n\t\t<div class=\"elementor-element elementor-element-8fe2c45 e-flex e-con-boxed e-con e-parent\" data-id=\"8fe2c45\" data-element_type=\"container\">\n\t\t\t\t\t<div class=\"e-con-inner\">\n\t\t\t\t<div class=\"elementor-element elementor-element-e876b0b elementor-widget elementor-widget-google_maps\" data-id=\"e876b0b\" data-element_type=\"widget\" data-widget_type=\"google_maps.default\">\n\t\t\t\t<div class=\"elementor-widget-container\">\n\t\t\t\t\t\t\t<div class=\"elementor-custom-embed\">\n\t\t\t<iframe loading=\"lazy\"\n\t\t\t\t\tsrc=\"https:\/\/maps.google.com\/maps?q=Bonea%20s.r.o.%2C%20Kamenn%C3%A1%20cesta%2C%208330%2016B%2C%20010%2001%20%C5%BDilina&#038;t=m&#038;z=18&#038;output=embed&#038;iwloc=near\"\n\t\t\t\t\ttitle=\"Bonea s.r.o., Kamenn\u00e1 cesta, 8330 16B, 010 01 \u017dilina\"\n\t\t\t\t\taria-label=\"Bonea s.r.o., Kamenn\u00e1 cesta, 8330 16B, 010 01 \u017dilina\"\n\t\t\t><\/iframe>\n\t\t<\/div>\n\t\t\t\t\t\t<\/div>\n\t\t\t\t<\/div>\n\t\t\t\t<div class=\"elementor-element elementor-element-b55ebd5 elementor-widget elementor-widget-text-editor\" data-id=\"b55ebd5\" data-element_type=\"widget\" data-widget_type=\"text-editor.default\">\n\t\t\t\t<div class=\"elementor-widget-container\">\n\t\t\t\t\t\t\t\t\t<p><strong>Otv\u00e1racie hodiny:\u00a0 \u00a0 \u00a0 \u00a0 \u00a0 \u00a0 \u00a0 \u00a0 \u00a0 \u00a0 \u00a0 \u00a0 \u00a0 \u00a0 \u00a0<br \/><\/strong><\/p><p><strong>Pondelok a\u017e Piatok<\/strong> <br \/>9:00 &#8211; 16:00<\/p><p><strong>Sobota<\/strong> &#8211; Dohodou<\/p><p><strong>Nede\u013ea<\/strong> &#8211; Zatvoren\u00e9<\/p>\t\t\t\t\t\t\t\t<\/div>\n\t\t\t\t<\/div>\n\t\t\t\t\t<\/div>\n\t\t\t\t<\/div>\n\t\t<div class=\"elementor-element elementor-element-267dcc6 e-flex e-con-boxed e-con e-parent\" data-id=\"267dcc6\" data-element_type=\"container\">\n\t\t\t\t\t<div class=\"e-con-inner\">\n\t\t\t\t<div class=\"elementor-element elementor-element-c95006e elementor-arrows-position-inside elementor-pagination-position-outside elementor-widget elementor-widget-image-carousel\" data-id=\"c95006e\" data-element_type=\"widget\" data-settings=\"{&quot;navigation&quot;:&quot;both&quot;,&quot;autoplay&quot;:&quot;yes&quot;,&quot;pause_on_hover&quot;:&quot;yes&quot;,&quot;pause_on_interaction&quot;:&quot;yes&quot;,&quot;autoplay_speed&quot;:5000,&quot;infinite&quot;:&quot;yes&quot;,&quot;speed&quot;:500}\" data-widget_type=\"image-carousel.default\">\n\t\t\t\t<div class=\"elementor-widget-container\">\n\t\t\t\t\t\t\t<div class=\"elementor-image-carousel-wrapper swiper\" role=\"region\" aria-roledescription=\"carousel\" aria-label=\"Obr\u00e1zkov\u00fd kot\u00fa\u010d\" dir=\"ltr\">\n\t\t\t<div class=\"elementor-image-carousel swiper-wrapper\" aria-live=\"off\">\n\t\t\t\t\t\t\t\t<div class=\"swiper-slide\" role=\"group\" aria-roledescription=\"slide\" aria-label=\"1 of 12\"><figure class=\"swiper-slide-inner\"><img decoding=\"async\" class=\"swiper-slide-image\" src=\"https:\/\/bonea-zilina.sk\/wp-content\/uploads\/2024\/03\/IMG_7723-270x360.jpg\" alt=\"IMG_7723\" \/><\/figure><\/div><div class=\"swiper-slide\" role=\"group\" aria-roledescription=\"slide\" aria-label=\"2 of 12\"><figure class=\"swiper-slide-inner\"><img decoding=\"async\" class=\"swiper-slide-image\" src=\"https:\/\/bonea-zilina.sk\/wp-content\/uploads\/2024\/03\/IMG_7735-270x360.jpg\" alt=\"IMG_7735\" \/><\/figure><\/div><div class=\"swiper-slide\" role=\"group\" aria-roledescription=\"slide\" aria-label=\"3 of 12\"><figure class=\"swiper-slide-inner\"><img decoding=\"async\" class=\"swiper-slide-image\" src=\"https:\/\/bonea-zilina.sk\/wp-content\/uploads\/2024\/03\/IMG_7742-480x360.jpg\" alt=\"IMG_7742\" \/><\/figure><\/div><div class=\"swiper-slide\" role=\"group\" aria-roledescription=\"slide\" aria-label=\"4 of 12\"><figure class=\"swiper-slide-inner\"><img decoding=\"async\" class=\"swiper-slide-image\" src=\"https:\/\/bonea-zilina.sk\/wp-content\/uploads\/2024\/03\/IMG_7741-480x360.jpg\" alt=\"IMG_7741\" \/><\/figure><\/div><div class=\"swiper-slide\" role=\"group\" aria-roledescription=\"slide\" aria-label=\"5 of 12\"><figure class=\"swiper-slide-inner\"><img decoding=\"async\" class=\"swiper-slide-image\" src=\"https:\/\/bonea-zilina.sk\/wp-content\/uploads\/2024\/03\/IMG_7743-270x360.jpg\" alt=\"IMG_7743\" \/><\/figure><\/div><div class=\"swiper-slide\" role=\"group\" aria-roledescription=\"slide\" aria-label=\"6 of 12\"><figure class=\"swiper-slide-inner\"><img decoding=\"async\" class=\"swiper-slide-image\" src=\"https:\/\/bonea-zilina.sk\/wp-content\/uploads\/2024\/03\/IMG_7746-270x360.jpg\" alt=\"IMG_7746\" \/><\/figure><\/div><div class=\"swiper-slide\" role=\"group\" aria-roledescription=\"slide\" aria-label=\"7 of 12\"><figure class=\"swiper-slide-inner\"><img decoding=\"async\" class=\"swiper-slide-image\" src=\"https:\/\/bonea-zilina.sk\/wp-content\/uploads\/2024\/03\/IMG_7747-480x360.jpg\" alt=\"IMG_7747\" \/><\/figure><\/div><div class=\"swiper-slide\" role=\"group\" aria-roledescription=\"slide\" aria-label=\"8 of 12\"><figure class=\"swiper-slide-inner\"><img decoding=\"async\" class=\"swiper-slide-image\" src=\"https:\/\/bonea-zilina.sk\/wp-content\/uploads\/2024\/03\/IMG_7726-480x360.jpg\" alt=\"IMG_7726\" \/><\/figure><\/div><div class=\"swiper-slide\" role=\"group\" aria-roledescription=\"slide\" aria-label=\"9 of 12\"><figure class=\"swiper-slide-inner\"><img decoding=\"async\" class=\"swiper-slide-image\" src=\"https:\/\/bonea-zilina.sk\/wp-content\/uploads\/2024\/03\/IMG_7727-270x360.jpg\" alt=\"IMG_7727\" \/><\/figure><\/div><div class=\"swiper-slide\" role=\"group\" aria-roledescription=\"slide\" aria-label=\"10 of 12\"><figure class=\"swiper-slide-inner\"><img decoding=\"async\" class=\"swiper-slide-image\" src=\"https:\/\/bonea-zilina.sk\/wp-content\/uploads\/2024\/03\/IMG_7728-270x360.jpg\" alt=\"IMG_7728\" \/><\/figure><\/div><div class=\"swiper-slide\" role=\"group\" aria-roledescription=\"slide\" aria-label=\"11 of 12\"><figure class=\"swiper-slide-inner\"><img decoding=\"async\" class=\"swiper-slide-image\" src=\"https:\/\/bonea-zilina.sk\/wp-content\/uploads\/2024\/03\/IMG_7714-1-270x360.jpg\" alt=\"IMG_7714\" \/><\/figure><\/div><div class=\"swiper-slide\" role=\"group\" aria-roledescription=\"slide\" aria-label=\"12 of 12\"><figure class=\"swiper-slide-inner\"><img decoding=\"async\" class=\"swiper-slide-image\" src=\"https:\/\/bonea-zilina.sk\/wp-content\/uploads\/2024\/03\/IMG_7721-270x360.jpg\" alt=\"IMG_7721\" \/><\/figure><\/div>\t\t\t<\/div>\n\t\t\t\t\t\t\t\t\t\t\t\t<div class=\"elementor-swiper-button elementor-swiper-button-prev\" role=\"button\" tabindex=\"0\">\n\t\t\t\t\t\t<svg aria-hidden=\"true\" class=\"e-font-icon-svg e-eicon-chevron-left\" viewBox=\"0 0 1000 1000\" xmlns=\"http:\/\/www.w3.org\/2000\/svg\"><path d=\"M646 125C629 125 613 133 604 142L308 442C296 454 292 471 292 487 292 504 296 521 308 533L604 854C617 867 629 875 646 875 663 875 679 871 692 858 704 846 713 829 713 812 713 796 708 779 692 767L438 487 692 225C700 217 708 204 708 187 708 171 704 154 692 142 675 129 663 125 646 125Z\"><\/path><\/svg>\t\t\t\t\t<\/div>\n\t\t\t\t\t<div class=\"elementor-swiper-button elementor-swiper-button-next\" role=\"button\" tabindex=\"0\">\n\t\t\t\t\t\t<svg aria-hidden=\"true\" class=\"e-font-icon-svg e-eicon-chevron-right\" viewBox=\"0 0 1000 1000\" xmlns=\"http:\/\/www.w3.org\/2000\/svg\"><path d=\"M696 533C708 521 713 504 713 487 713 471 708 454 696 446L400 146C388 133 375 125 354 125 338 125 325 129 313 142 300 154 292 171 292 187 292 204 296 221 308 233L563 492 304 771C292 783 288 800 288 817 288 833 296 850 308 863 321 871 338 875 354 875 371 875 388 867 400 854L696 533Z\"><\/path><\/svg>\t\t\t\t\t<\/div>\n\t\t\t\t\n\t\t\t\t\t\t\t\t\t<div class=\"swiper-pagination\"><\/div>\n\t\t\t\t\t\t\t\t\t<\/div>\n\t\t\t\t\t\t<\/div>\n\t\t\t\t<\/div>\n\t\t\t\t\t<\/div>\n\t\t\t\t<\/div>\n\t\t\t\t<\/div>\n\t\t","protected":false},"excerpt":{"rendered":"<p>Vitajte v na\u0161ej kamennej predajni V na\u0161om \u00fatulnom obchode n\u00e1jdete \u0161irok\u00fd v\u00fdber kvalitn\u00fdch produktov, ktor\u00e9 spravia v\u00e1\u0161 dom e\u0161te kraj\u0161\u00edm a \u00fatulnej\u0161\u00edm miestom na b\u00fdvanie. Pon\u00fakame \u0161irok\u00fd sortiment dver\u00ed, podl\u00e1h, li\u0161t a \u010fal\u0161\u00edch doplnkov, v\u0161etko vyroben\u00e9 s l\u00e1skou k remeslu<\/p>\n","protected":false},"author":1,"featured_media":0,"parent":0,"menu_order":0,"comment_status":"closed","ping_status":"closed","template":"","meta":{"footnotes":""},"class_list":["post-606","page","type-page","status-publish","hentry"],"_links":{"self":[{"href":"https:\/\/bonea-zilina.sk\/index.php?rest_route=\/wp\/v2\/pages\/606","targetHints":{"allow":["GET"]}}],"collection":[{"href":"https:\/\/bonea-zilina.sk\/index.php?rest_route=\/wp\/v2\/pages"}],"about":[{"href":"https:\/\/bonea-zilina.sk\/index.php?rest_route=\/wp\/v2\/types\/page"}],"author":[{"embeddable":true,"href":"https:\/\/bonea-zilina.sk\/index.php?rest_route=\/wp\/v2\/users\/1"}],"replies":[{"embeddable":true,"href":"https:\/\/bonea-zilina.sk\/index.php?rest_route=%2Fwp%2Fv2%2Fcomments&post=606"}],"version-history":[{"count":27,"href":"https:\/\/bonea-zilina.sk\/index.php?rest_route=\/wp\/v2\/pages\/606\/revisions"}],"predecessor-version":[{"id":1363,"href":"https:\/\/bonea-zilina.sk\/index.php?rest_route=\/wp\/v2\/pages\/606\/revisions\/1363"}],"wp:attachment":[{"href":"https:\/\/bonea-zilina.sk\/index.php?rest_route=%2Fwp%2Fv2%2Fmedia&parent=606"}],"curies":[{"name":"wp","href":"https:\/\/api.w.org\/{rel}","templated":true}]}}