{"id":610,"date":"2022-05-07T11:22:01","date_gmt":"2022-05-07T11:22:01","guid":{"rendered":"https:\/\/pressmart.presslayouts.com\/dummy\/?page_id=610"},"modified":"2024-02-24T18:15:31","modified_gmt":"2024-02-24T18:15:31","slug":"contact-us-2","status":"publish","type":"page","link":"https:\/\/bonea-zilina.sk\/?page_id=610","title":{"rendered":"Contact Us 2"},"content":{"rendered":"\t\t<div data-elementor-type=\"wp-page\" data-elementor-id=\"610\" class=\"elementor elementor-610\">\n\t\t\t\t<div class=\"elementor-element elementor-element-41428d2 e-flex e-con-boxed e-con e-parent\" data-id=\"41428d2\" data-element_type=\"container\">\n\t\t\t\t\t<div class=\"e-con-inner\">\n\t\t\t\t<div class=\"elementor-element elementor-element-c7abb49 elementor-widget elementor-widget-heading\" data-id=\"c7abb49\" data-element_type=\"widget\" data-widget_type=\"heading.default\">\n\t\t\t\t<div class=\"elementor-widget-container\">\n\t\t\t\t\t<h2 class=\"elementor-heading-title elementor-size-default\">Kontaktujte n\u00e1s<\/h2>\t\t\t\t<\/div>\n\t\t\t\t<\/div>\n\t\t\t\t<div class=\"elementor-element elementor-element-8beb9ab elementor-widget elementor-widget-text-editor\" data-id=\"8beb9ab\" data-element_type=\"widget\" data-widget_type=\"text-editor.default\">\n\t\t\t\t<div class=\"elementor-widget-container\">\n\t\t\t\t\t\t\t\t\t<p>Chcete ma\u0165 svoj domov presne tak\u00fd, ak\u00fd ste si v\u017edy predstavovali? Nechajte n\u00e1s pom\u00f4c\u0165! Rob\u00edme n\u00e1bytok na mieru pod\u013ea va\u0161ich predst\u00e1v a potrieb. Sta\u010d\u00ed n\u00e1m nap\u00edsa\u0165 alebo zavola\u0165 a spolu vytvor\u00edme perfektn\u00e9 rie\u0161enie pre v\u00e1\u0161 priestor. Te\u0161\u00edme sa na spolupr\u00e1cu s vami!<\/p>\t\t\t\t\t\t\t\t<\/div>\n\t\t\t\t<\/div>\n\t\t\t\t\t<\/div>\n\t\t\t\t<\/div>\n\t\t\t\t<section class=\"elementor-section elementor-top-section elementor-element elementor-element-7a0c90b elementor-section-boxed elementor-section-height-default elementor-section-height-default\" data-id=\"7a0c90b\" data-element_type=\"section\">\n\t\t\t\t\t\t<div class=\"elementor-container elementor-column-gap-default\">\n\t\t\t\t\t<div class=\"elementor-column elementor-col-33 elementor-top-column elementor-element elementor-element-a6da59c\" data-id=\"a6da59c\" data-element_type=\"column\">\n\t\t\t<div class=\"elementor-widget-wrap elementor-element-populated\">\n\t\t\t\t\t\t<div class=\"elementor-element elementor-element-16aa3f9 elementor-widget elementor-widget-pressmart-infobox\" data-id=\"16aa3f9\" data-element_type=\"widget\" data-widget_type=\"pressmart-infobox.default\">\n\t\t\t\t<div class=\"elementor-widget-container\">\n\t\t\t\t\t<div id=\"pressmart-info-box-74889\" class=\"pressmart-element pressmart-info-box icon-effect-none icon-simple icon-top color-scheme-inherit hover-color-scheme-inherit text-center\">\n\t<div class=\"info-box-wrap\"  >\n\t\t<div class=\"box-icon-wrap\">\n\t\t\t\t\t\t\t<div class=\"info-box-icon\"><i aria-hidden=\"true\" class=\"picon picon-location-pin\"><\/i><\/div>\n\t\t\t\t\t<\/div>\n\t\t<div class=\"info-box-content\">\n\t\t\t\t\t\t\t\t\t\t<div class=\"info-box-title mb\" >\t\t\t\t\n\t\t\t\t\t<h4>Predaj\u0148a<\/h4>\t\t\t\t\t\n\t\t\t\t<\/div>\n\t\t\t\t\t\t\t\t\t\t<div class=\"info-box-description mb\">\n\t\t\t\t\t<p>Kamenn\u00e1 cesta, 8330 16B, 010 01 \u017dilina<\/p>\n\t\t\t\t<\/div>\n\t\t\t\t\t<\/div>\n\t<\/div>\n<\/div>\t\t\t\t<\/div>\n\t\t\t\t<\/div>\n\t\t\t\t\t<\/div>\n\t\t<\/div>\n\t\t\t\t<div class=\"elementor-column elementor-col-33 elementor-top-column elementor-element elementor-element-83ae4a6\" data-id=\"83ae4a6\" data-element_type=\"column\">\n\t\t\t<div class=\"elementor-widget-wrap elementor-element-populated\">\n\t\t\t\t\t\t<div class=\"elementor-element elementor-element-f88aced elementor-widget elementor-widget-pressmart-infobox\" data-id=\"f88aced\" data-element_type=\"widget\" data-widget_type=\"pressmart-infobox.default\">\n\t\t\t\t<div class=\"elementor-widget-container\">\n\t\t\t\t\t<div id=\"pressmart-info-box-73839\" class=\"pressmart-element pressmart-info-box icon-effect-none icon-simple icon-top color-scheme-inherit hover-color-scheme-inherit text-center\">\n\t<div class=\"info-box-wrap\"  >\n\t\t<div class=\"box-icon-wrap\">\n\t\t\t\t\t\t\t<div class=\"info-box-icon\"><i aria-hidden=\"true\" class=\"picon picon-envelope\"><\/i><\/div>\n\t\t\t\t\t<\/div>\n\t\t<div class=\"info-box-content\">\n\t\t\t\t\t\t\t\t\t\t<div class=\"info-box-title mb\" >\t\t\t\t\n\t\t\t\t\t<h4>Email<\/h4>\t\t\t\t\t\n\t\t\t\t<\/div>\n\t\t\t\t\t\t\t\t\t\t<div class=\"info-box-description mb\">\n\t\t\t\t\t<p>boneazilina@gmail.com<\/p>\n\t\t\t\t<\/div>\n\t\t\t\t\t<\/div>\n\t<\/div>\n<\/div>\t\t\t\t<\/div>\n\t\t\t\t<\/div>\n\t\t\t\t\t<\/div>\n\t\t<\/div>\n\t\t\t\t<div class=\"elementor-column elementor-col-33 elementor-top-column elementor-element elementor-element-c6fda17\" data-id=\"c6fda17\" data-element_type=\"column\">\n\t\t\t<div class=\"elementor-widget-wrap elementor-element-populated\">\n\t\t\t\t\t\t<div class=\"elementor-element elementor-element-d96547c elementor-widget elementor-widget-pressmart-infobox\" data-id=\"d96547c\" data-element_type=\"widget\" data-widget_type=\"pressmart-infobox.default\">\n\t\t\t\t<div class=\"elementor-widget-container\">\n\t\t\t\t\t<div id=\"pressmart-info-box-58041\" class=\"pressmart-element pressmart-info-box icon-effect-none icon-simple icon-top color-scheme-inherit hover-color-scheme-inherit text-center\">\n\t<div class=\"info-box-wrap\"  >\n\t\t<div class=\"box-icon-wrap\">\n\t\t\t\t\t\t\t<div class=\"info-box-icon\"><i aria-hidden=\"true\" class=\"picon picon-phone\"><\/i><\/div>\n\t\t\t\t\t<\/div>\n\t\t<div class=\"info-box-content\">\n\t\t\t\t\t\t\t\t\t\t<div class=\"info-box-title mb\" >\t\t\t\t\n\t\t\t\t\t<h4>Mobil<\/h4>\t\t\t\t\t\n\t\t\t\t<\/div>\n\t\t\t\t\t\t\t\t\t\t<div class=\"info-box-description mb\">\n\t\t\t\t\t<p>+421 904 515 050<\/p>\n\t\t\t\t<\/div>\n\t\t\t\t\t<\/div>\n\t<\/div>\n<\/div>\t\t\t\t<\/div>\n\t\t\t\t<\/div>\n\t\t\t\t\t<\/div>\n\t\t<\/div>\n\t\t\t\t\t<\/div>\n\t\t<\/section>\n\t\t<div class=\"elementor-element elementor-element-68287c5 e-flex e-con-boxed e-con e-parent\" data-id=\"68287c5\" data-element_type=\"container\">\n\t\t\t\t\t<div class=\"e-con-inner\">\n\t\t<div class=\"elementor-element elementor-element-58bb79e e-con-full e-flex e-con e-child\" data-id=\"58bb79e\" data-element_type=\"container\">\n\t\t\t\t<div class=\"elementor-element elementor-element-316be0e elementor-widget elementor-widget-image\" data-id=\"316be0e\" data-element_type=\"widget\" data-widget_type=\"image.default\">\n\t\t\t\t<div class=\"elementor-widget-container\">\n\t\t\t\t\t\t\t\t\t\t\t\t\t\t\t<img fetchpriority=\"high\" decoding=\"async\" width=\"652\" height=\"437\" src=\"https:\/\/bonea-zilina.sk\/wp-content\/uploads\/2024\/02\/bonea.jpg\" class=\"attachment-large size-large wp-image-1191\" alt=\"\" srcset=\"https:\/\/bonea-zilina.sk\/wp-content\/uploads\/2024\/02\/bonea.jpg 652w, https:\/\/bonea-zilina.sk\/wp-content\/uploads\/2024\/02\/bonea-480x322.jpg 480w, https:\/\/bonea-zilina.sk\/wp-content\/uploads\/2024\/02\/bonea-150x101.jpg 150w\" sizes=\"(max-width: 652px) 100vw, 652px\" \/>\t\t\t\t\t\t\t\t\t\t\t\t\t\t\t<\/div>\n\t\t\t\t<\/div>\n\t\t\t\t<\/div>\n\t\t\t\t<div class=\"elementor-element elementor-element-1deb4f0 elementor-widget elementor-widget-google_maps\" data-id=\"1deb4f0\" data-element_type=\"widget\" data-widget_type=\"google_maps.default\">\n\t\t\t\t<div class=\"elementor-widget-container\">\n\t\t\t\t\t\t\t<div class=\"elementor-custom-embed\">\n\t\t\t<iframe loading=\"lazy\"\n\t\t\t\t\tsrc=\"https:\/\/maps.google.com\/maps?q=BONEA%2C%20s.r.o.%20%2C%20Kamenn%C3%A1%20cesta%2C%208330%2016B%2C%20010%2001%20%C5%BDilina&#038;t=m&#038;z=15&#038;output=embed&#038;iwloc=near\"\n\t\t\t\t\ttitle=\"BONEA, s.r.o. , Kamenn\u00e1 cesta, 8330 16B, 010 01 \u017dilina\"\n\t\t\t\t\taria-label=\"BONEA, s.r.o. , Kamenn\u00e1 cesta, 8330 16B, 010 01 \u017dilina\"\n\t\t\t><\/iframe>\n\t\t<\/div>\n\t\t\t\t\t\t<\/div>\n\t\t\t\t<\/div>\n\t\t\t\t\t<\/div>\n\t\t\t\t<\/div>\n\t\t\t\t<\/div>\n\t\t","protected":false},"excerpt":{"rendered":"<p>Kontaktujte n\u00e1s Chcete ma\u0165 svoj domov presne tak\u00fd, ak\u00fd ste si v\u017edy predstavovali? Nechajte n\u00e1s pom\u00f4c\u0165! Rob\u00edme n\u00e1bytok na mieru pod\u013ea va\u0161ich predst\u00e1v a potrieb. Sta\u010d\u00ed n\u00e1m nap\u00edsa\u0165 alebo zavola\u0165 a spolu vytvor\u00edme perfektn\u00e9 rie\u0161enie pre v\u00e1\u0161 priestor. Te\u0161\u00edme sa<\/p>\n","protected":false},"author":1,"featured_media":0,"parent":0,"menu_order":0,"comment_status":"closed","ping_status":"closed","template":"","meta":{"footnotes":""},"class_list":["post-610","page","type-page","status-publish","hentry"],"_links":{"self":[{"href":"https:\/\/bonea-zilina.sk\/index.php?rest_route=\/wp\/v2\/pages\/610","targetHints":{"allow":["GET"]}}],"collection":[{"href":"https:\/\/bonea-zilina.sk\/index.php?rest_route=\/wp\/v2\/pages"}],"about":[{"href":"https:\/\/bonea-zilina.sk\/index.php?rest_route=\/wp\/v2\/types\/page"}],"author":[{"embeddable":true,"href":"https:\/\/bonea-zilina.sk\/index.php?rest_route=\/wp\/v2\/users\/1"}],"replies":[{"embeddable":true,"href":"https:\/\/bonea-zilina.sk\/index.php?rest_route=%2Fwp%2Fv2%2Fcomments&post=610"}],"version-history":[{"count":12,"href":"https:\/\/bonea-zilina.sk\/index.php?rest_route=\/wp\/v2\/pages\/610\/revisions"}],"predecessor-version":[{"id":1194,"href":"https:\/\/bonea-zilina.sk\/index.php?rest_route=\/wp\/v2\/pages\/610\/revisions\/1194"}],"wp:attachment":[{"href":"https:\/\/bonea-zilina.sk\/index.php?rest_route=%2Fwp%2Fv2%2Fmedia&parent=610"}],"curies":[{"name":"wp","href":"https:\/\/api.w.org\/{rel}","templated":true}]}}