{"id":3747,"date":"2024-07-09T16:03:25","date_gmt":"2024-07-09T16:03:25","guid":{"rendered":"https:\/\/bonea-zilina.sk\/?post_type=product&#038;p=3747"},"modified":"2025-07-11T07:52:48","modified_gmt":"2025-07-11T07:52:48","slug":"uno-dub-halifax-2","status":"publish","type":"product","link":"https:\/\/bonea-zilina.sk\/?product=uno-dub-halifax-2","title":{"rendered":"UNO dub halifax"},"content":{"rendered":"<p><strong>SKLADOM IHNE\u010e K ODBERU!<\/strong><br \/>\n\u2022 DVERE UNO, 600-900mm, vo f\u00f3lii;<br \/>\ndub halifax, biela hladk\u00e1, sonoma,<br \/>\ndub \u0161ed\u00fd, dub hned\u00fd, horsk\u00fd dub<br \/>\n\u2022 z\u00e1rub\u0148a regulovan\u00e1<br \/>\nod 80 do 220mm,<br \/>\n\u2022 z\u00e1klopky 60mm,<br \/>\n\u2022 slovensk\u00e1 norma + roz\u0161irovac\u00ed panel \u0161\u00edrka<br \/>\n160mm k z\u00e1rubni.<br \/>\n\u2022 biela, sonoma, horsk\u00fd dub, \u010dierna<br \/>\nz\u00e1rub\u0148a regulovan\u00e1 80-260mm<br \/>\n\u2022 UNO Halifax roz\u0161irovac\u00ed panel<br \/>\n\u0161\u00edrka 140mm<\/p>\n<p>&nbsp;<\/p>\n","protected":false},"excerpt":{"rendered":"<p>SKLADOM IHNE\u010e K ODBERU! \u2022 DVERE UNO, 600-900mm, vo f\u00f3lii; dub halifax, biela hladk\u00e1, sonoma, dub \u0161ed\u00fd, dub hned\u00fd, horsk\u00fd dub \u2022 z\u00e1rub\u0148a regulovan\u00e1 od 80 do 220mm, \u2022 z\u00e1klopky 60mm, \u2022 slovensk\u00e1 norma + roz\u0161irovac\u00ed panel \u0161\u00edrka 160mm k<\/p>\n","protected":false},"featured_media":3727,"template":"","meta":[],"product_cat":[152],"product_tag":[],"class_list":{"0":"post-3747","1":"product","2":"type-product","3":"status-publish","4":"has-post-thumbnail","6":"product_cat-dvere","8":"first","9":"instock","10":"shipping-taxable","11":"product-type-variable"},"_links":{"self":[{"href":"https:\/\/bonea-zilina.sk\/index.php?rest_route=\/wp\/v2\/product\/3747","targetHints":{"allow":["GET"]}}],"collection":[{"href":"https:\/\/bonea-zilina.sk\/index.php?rest_route=\/wp\/v2\/product"}],"about":[{"href":"https:\/\/bonea-zilina.sk\/index.php?rest_route=\/wp\/v2\/types\/product"}],"version-history":[{"count":1,"href":"https:\/\/bonea-zilina.sk\/index.php?rest_route=\/wp\/v2\/product\/3747\/revisions"}],"predecessor-version":[{"id":3898,"href":"https:\/\/bonea-zilina.sk\/index.php?rest_route=\/wp\/v2\/product\/3747\/revisions\/3898"}],"wp:featuredmedia":[{"embeddable":true,"href":"https:\/\/bonea-zilina.sk\/index.php?rest_route=\/wp\/v2\/media\/3727"}],"wp:attachment":[{"href":"https:\/\/bonea-zilina.sk\/index.php?rest_route=%2Fwp%2Fv2%2Fmedia&parent=3747"}],"wp:term":[{"taxonomy":"product_cat","embeddable":true,"href":"https:\/\/bonea-zilina.sk\/index.php?rest_route=%2Fwp%2Fv2%2Fproduct_cat&post=3747"},{"taxonomy":"product_tag","embeddable":true,"href":"https:\/\/bonea-zilina.sk\/index.php?rest_route=%2Fwp%2Fv2%2Fproduct_tag&post=3747"}],"curies":[{"name":"wp","href":"https:\/\/api.w.org\/{rel}","templated":true}]}}