{"id":3813,"date":"2024-07-09T16:37:44","date_gmt":"2024-07-09T16:37:44","guid":{"rendered":"https:\/\/bonea-zilina.sk\/?post_type=product&#038;p=3813"},"modified":"2024-07-09T16:40:09","modified_gmt":"2024-07-09T16:40:09","slug":"chicago-01-biela-hladka","status":"publish","type":"product","link":"https:\/\/bonea-zilina.sk\/?product=chicago-01-biela-hladka","title":{"rendered":"CHICAGO 01 biela hladk\u00e1"},"content":{"rendered":"<p>SKLADOM IHNE\u010e K ODBERU!<br \/>\n\u2022 DVERE DALLAS a CHICAGO,<br \/>\n600-800mm, vo f\u00f3lii; biela hladk\u00e1<br \/>\n\u2022 z\u00e1rub\u0148a regulovan\u00e1 od 80 do 220mm,<br \/>\n\u2022 z\u00e1klopky 60mm, slovensk\u00e1 norma +<br \/>\nroz\u0161irovac\u00ed panel \u0161\u00edrka 160mm k z\u00e1rubni.<\/p>\n","protected":false},"excerpt":{"rendered":"<p>SKLADOM IHNE\u010e K ODBERU! \u2022 DVERE DALLAS a CHICAGO, 600-800mm, vo f\u00f3lii; biela hladk\u00e1 \u2022 z\u00e1rub\u0148a regulovan\u00e1 od 80 do 220mm, \u2022 z\u00e1klopky 60mm, slovensk\u00e1 norma + roz\u0161irovac\u00ed panel \u0161\u00edrka 160mm k z\u00e1rubni.<\/p>\n","protected":false},"featured_media":0,"template":"","meta":[],"product_cat":[152],"product_tag":[],"class_list":{"0":"post-3813","1":"product","2":"type-product","3":"status-publish","5":"product_cat-dvere","7":"first","8":"instock","9":"shipping-taxable","10":"purchasable","11":"product-type-variable"},"_links":{"self":[{"href":"https:\/\/bonea-zilina.sk\/index.php?rest_route=\/wp\/v2\/product\/3813","targetHints":{"allow":["GET"]}}],"collection":[{"href":"https:\/\/bonea-zilina.sk\/index.php?rest_route=\/wp\/v2\/product"}],"about":[{"href":"https:\/\/bonea-zilina.sk\/index.php?rest_route=\/wp\/v2\/types\/product"}],"version-history":[{"count":1,"href":"https:\/\/bonea-zilina.sk\/index.php?rest_route=\/wp\/v2\/product\/3813\/revisions"}],"predecessor-version":[{"id":3818,"href":"https:\/\/bonea-zilina.sk\/index.php?rest_route=\/wp\/v2\/product\/3813\/revisions\/3818"}],"wp:attachment":[{"href":"https:\/\/bonea-zilina.sk\/index.php?rest_route=%2Fwp%2Fv2%2Fmedia&parent=3813"}],"wp:term":[{"taxonomy":"product_cat","embeddable":true,"href":"https:\/\/bonea-zilina.sk\/index.php?rest_route=%2Fwp%2Fv2%2Fproduct_cat&post=3813"},{"taxonomy":"product_tag","embeddable":true,"href":"https:\/\/bonea-zilina.sk\/index.php?rest_route=%2Fwp%2Fv2%2Fproduct_tag&post=3813"}],"curies":[{"name":"wp","href":"https:\/\/api.w.org\/{rel}","templated":true}]}}