{"id":3894,"date":"2025-07-11T07:22:35","date_gmt":"2025-07-11T07:22:35","guid":{"rendered":"https:\/\/bonea-zilina.sk\/?post_type=product&#038;p=3894"},"modified":"2025-07-11T07:22:35","modified_gmt":"2025-07-11T07:22:35","slug":"dvere-sety-falcove-uno","status":"publish","type":"product","link":"https:\/\/bonea-zilina.sk\/?product=dvere-sety-falcove-uno","title":{"rendered":"DVERE SETY FALCOV\u00c9 UNO"},"content":{"rendered":"<p>SKLADOM K ODBERU:<\/p>\n<p>Dvere falcov\u00e9 UNO pln\u00e9 hladk\u00e9:<\/p>\n<ul>\n<li>600-900 MM, v dek\u00f3re dub halifax, dub sonoma, dub rustik\u00e1lny, dub horsky, biela hladk\u00e1<\/li>\n<li>z\u00e1rub\u0148a regulovan\u00e1 od 80 do 260 mm<\/li>\n<li>z\u00e1klopky 60 mm<\/li>\n<li>slovensk\u00e1 norma + roz\u0161iruj\u00faci panel \u0161\u00edrka 160 mm k z\u00e1rubni<\/li>\n<\/ul>\n<p>&nbsp;<\/p>\n","protected":false},"excerpt":{"rendered":"<p>SKLADOM K ODBERU: Dvere falcov\u00e9 UNO pln\u00e9 hladk\u00e9: 600-900 MM, v dek\u00f3re dub halifax, dub sonoma, dub rustik\u00e1lny, dub horsky, biela hladk\u00e1 z\u00e1rub\u0148a regulovan\u00e1 od 80 do 260 mm z\u00e1klopky 60 mm slovensk\u00e1 norma + roz\u0161iruj\u00faci panel \u0161\u00edrka 160 mm<\/p>\n","protected":false},"featured_media":3896,"template":"","meta":[],"product_cat":[152],"product_tag":[],"class_list":{"0":"post-3894","1":"product","2":"type-product","3":"status-publish","4":"has-post-thumbnail","6":"product_cat-dvere","8":"first","9":"instock","10":"sale","11":"shipping-taxable","12":"purchasable","13":"product-type-simple"},"_links":{"self":[{"href":"https:\/\/bonea-zilina.sk\/index.php?rest_route=\/wp\/v2\/product\/3894","targetHints":{"allow":["GET"]}}],"collection":[{"href":"https:\/\/bonea-zilina.sk\/index.php?rest_route=\/wp\/v2\/product"}],"about":[{"href":"https:\/\/bonea-zilina.sk\/index.php?rest_route=\/wp\/v2\/types\/product"}],"version-history":[{"count":1,"href":"https:\/\/bonea-zilina.sk\/index.php?rest_route=\/wp\/v2\/product\/3894\/revisions"}],"predecessor-version":[{"id":3895,"href":"https:\/\/bonea-zilina.sk\/index.php?rest_route=\/wp\/v2\/product\/3894\/revisions\/3895"}],"wp:featuredmedia":[{"embeddable":true,"href":"https:\/\/bonea-zilina.sk\/index.php?rest_route=\/wp\/v2\/media\/3896"}],"wp:attachment":[{"href":"https:\/\/bonea-zilina.sk\/index.php?rest_route=%2Fwp%2Fv2%2Fmedia&parent=3894"}],"wp:term":[{"taxonomy":"product_cat","embeddable":true,"href":"https:\/\/bonea-zilina.sk\/index.php?rest_route=%2Fwp%2Fv2%2Fproduct_cat&post=3894"},{"taxonomy":"product_tag","embeddable":true,"href":"https:\/\/bonea-zilina.sk\/index.php?rest_route=%2Fwp%2Fv2%2Fproduct_tag&post=3894"}],"curies":[{"name":"wp","href":"https:\/\/api.w.org\/{rel}","templated":true}]}}